{"id":81,"date":"2014-09-15T16:22:11","date_gmt":"2014-09-15T16:22:11","guid":{"rendered":"http:\/\/www.matesxtu.es\/es\/?page_id=81"},"modified":"2021-04-30T23:58:45","modified_gmt":"2021-04-30T22:58:45","slug":"contacta-amb-nosaltres","status":"publish","type":"page","link":"https:\/\/www.matesxtu.es\/es\/contacta-amb-nosaltres\/","title":{"rendered":"CONTACTA CON NOSOTROS"},"content":{"rendered":"<p>Nos puedes enviar un correo electr\u00f3nico, contactar con facebook o bien dejar un comentario en esta p\u00e1gina y te responderemos.<\/p>\n<p><img loading=\"lazy\" decoding=\"async\" data-attachment-id=\"84\" data-permalink=\"https:\/\/www.matesxtu.es\/es\/contacta-amb-nosaltres\/ico_correoweb\/\" data-orig-file=\"https:\/\/www.matesxtu.es\/es\/wp-content\/uploads\/sites\/2\/2014\/09\/ico_correoweb-e1410862011579.png\" data-orig-size=\"33,33\" data-comments-opened=\"1\" data-image-meta=\"{&quot;aperture&quot;:&quot;0&quot;,&quot;credit&quot;:&quot;&quot;,&quot;camera&quot;:&quot;&quot;,&quot;caption&quot;:&quot;&quot;,&quot;created_timestamp&quot;:&quot;0&quot;,&quot;copyright&quot;:&quot;&quot;,&quot;focal_length&quot;:&quot;0&quot;,&quot;iso&quot;:&quot;0&quot;,&quot;shutter_speed&quot;:&quot;0&quot;,&quot;title&quot;:&quot;&quot;}\" data-image-title=\"ico_correoweb\" data-image-description=\"\" data-image-caption=\"\" data-medium-file=\"https:\/\/www.matesxtu.es\/es\/wp-content\/uploads\/sites\/2\/2014\/09\/ico_correoweb-e1410862011579.png\" data-large-file=\"https:\/\/www.matesxtu.es\/es\/wp-content\/uploads\/sites\/2\/2014\/09\/ico_correoweb-e1410862011579.png\" class=\"alignnone wp-image-84\" src=\"https:\/\/www.matesxtu.es\/es\/wp-content\/uploads\/sites\/2\/2014\/09\/ico_correoweb-e1410862011579.png\" alt=\"ico_correoweb\" width=\"33\" height=\"33\">&nbsp;<a href=\"elena@matesxtu.es\">elena@matesxtu.es<\/a><\/p>\n<p><img loading=\"lazy\" decoding=\"async\" data-attachment-id=\"89\" data-permalink=\"https:\/\/www.matesxtu.es\/es\/contacta-amb-nosaltres\/ico_telefono\/\" data-orig-file=\"https:\/\/www.matesxtu.es\/es\/wp-content\/uploads\/sites\/2\/2014\/09\/ico_telefono-e1410862036997.png\" data-orig-size=\"33,33\" data-comments-opened=\"1\" data-image-meta=\"{&quot;aperture&quot;:&quot;0&quot;,&quot;credit&quot;:&quot;&quot;,&quot;camera&quot;:&quot;&quot;,&quot;caption&quot;:&quot;&quot;,&quot;created_timestamp&quot;:&quot;0&quot;,&quot;copyright&quot;:&quot;&quot;,&quot;focal_length&quot;:&quot;0&quot;,&quot;iso&quot;:&quot;0&quot;,&quot;shutter_speed&quot;:&quot;0&quot;,&quot;title&quot;:&quot;&quot;}\" data-image-title=\"ico_telefono\" data-image-description=\"\" data-image-caption=\"\" data-medium-file=\"https:\/\/www.matesxtu.es\/es\/wp-content\/uploads\/sites\/2\/2014\/09\/ico_telefono-e1410862036997.png\" data-large-file=\"https:\/\/www.matesxtu.es\/es\/wp-content\/uploads\/sites\/2\/2014\/09\/ico_telefono-e1410862036997.png\" class=\"alignnone wp-image-89 size-full\" src=\"https:\/\/www.matesxtu.es\/es\/wp-content\/uploads\/sites\/2\/2014\/09\/ico_telefono-e1410862036997.png\" alt=\"ico_telefono\" width=\"33\" height=\"33\">&nbsp;<a title=\"688 91 25 68\" href=\"tel:+3468820912568\" target=\"_blank\" rel=\"noopener noreferrer\">688 91 25 68<\/a><\/p>\n<p><img loading=\"lazy\" decoding=\"async\" data-attachment-id=\"86\" data-permalink=\"https:\/\/www.matesxtu.es\/es\/contacta-amb-nosaltres\/ico_facebook\/\" data-orig-file=\"https:\/\/www.matesxtu.es\/es\/wp-content\/uploads\/sites\/2\/2014\/09\/ico_facebook-e1410862053630.png\" data-orig-size=\"33,33\" data-comments-opened=\"1\" data-image-meta=\"{&quot;aperture&quot;:&quot;0&quot;,&quot;credit&quot;:&quot;&quot;,&quot;camera&quot;:&quot;&quot;,&quot;caption&quot;:&quot;&quot;,&quot;created_timestamp&quot;:&quot;0&quot;,&quot;copyright&quot;:&quot;&quot;,&quot;focal_length&quot;:&quot;0&quot;,&quot;iso&quot;:&quot;0&quot;,&quot;shutter_speed&quot;:&quot;0&quot;,&quot;title&quot;:&quot;&quot;}\" data-image-title=\"ico_facebook\" data-image-description=\"\" data-image-caption=\"\" data-medium-file=\"https:\/\/www.matesxtu.es\/es\/wp-content\/uploads\/sites\/2\/2014\/09\/ico_facebook-e1410862053630.png\" data-large-file=\"https:\/\/www.matesxtu.es\/es\/wp-content\/uploads\/sites\/2\/2014\/09\/ico_facebook-e1410862053630.png\" class=\"alignnone wp-image-86 size-full\" src=\"https:\/\/www.matesxtu.es\/es\/wp-content\/uploads\/sites\/2\/2014\/09\/ico_facebook-e1410862053630.png\" alt=\"ico_facebook\" width=\"33\" height=\"33\">&nbsp;<a title=\"\/Matesxtu\" href=\"https:\/\/www.facebook.com\/pages\/Matesxtu\/1465218103742467\" target=\"_blank\" rel=\"noopener noreferrer\">\/Matesxtu<\/a><\/p>\n\n<div class=\"wp-block-jetpack-contact-form\"><a href=\"https:\/\/www.matesxtu.es\/es\/contacta-amb-nosaltres\/\" target=\"_blank\" rel=\"noopener noreferrer\">Env\u00eda un formulario.<\/a><\/div>","protected":false},"excerpt":{"rendered":"<p>Nos puedes enviar un correo electr\u00f3nico, contactar con facebook o bien dejar un comentario en esta p\u00e1gina y te responderemos. &nbsp;elena@matesxtu.es &nbsp;688 91 25 68 &nbsp;\/Matesxtu<\/p>\n","protected":false},"author":1,"featured_media":0,"parent":0,"menu_order":0,"comment_status":"closed","ping_status":"closed","template":"","meta":{"jetpack_post_was_ever_published":false,"footnotes":""},"class_list":["post-81","page","type-page","status-publish","hentry"],"yoast_head":"<!-- This site is optimized with the Yoast SEO plugin v25.8 - https:\/\/yoast.com\/wordpress\/plugins\/seo\/ -->\n<title>CONTACTA CON NOSOTROS - MATESxTU educaci\u00f3n<\/title>\n<meta name=\"robots\" content=\"index, follow, max-snippet:-1, max-image-preview:large, max-video-preview:-1\" \/>\n<link rel=\"canonical\" href=\"https:\/\/www.matesxtu.es\/es\/contacta-amb-nosaltres\/\" \/>\n<meta property=\"og:locale\" content=\"es_ES\" \/>\n<meta property=\"og:type\" content=\"article\" \/>\n<meta property=\"og:title\" content=\"CONTACTA CON NOSOTROS - MATESxTU educaci\u00f3n\" \/>\n<meta property=\"og:description\" content=\"Nos puedes enviar un correo electr\u00f3nico, contactar con facebook o bien dejar un comentario en esta p\u00e1gina y te responderemos. &nbsp;elena@matesxtu.es &nbsp;688 91 25 68 &nbsp;\/Matesxtu\" \/>\n<meta property=\"og:url\" content=\"https:\/\/www.matesxtu.es\/es\/contacta-amb-nosaltres\/\" \/>\n<meta property=\"og:site_name\" content=\"MATESxTU educaci\u00f3n\" \/>\n<meta property=\"article:publisher\" content=\"https:\/\/www.facebook.com\/Matesxtu-1465218103742467\/\" \/>\n<meta property=\"article:modified_time\" content=\"2021-04-30T22:58:45+00:00\" \/>\n<meta property=\"og:image\" content=\"http:\/\/www.matesxtu.es\/es\/wp-content\/uploads\/sites\/2\/2014\/09\/ico_correoweb-e1410862011579.png\" \/>\n<meta name=\"twitter:card\" content=\"summary_large_image\" \/>\n<meta name=\"twitter:site\" content=\"@elenabarberomxt\" \/>\n<script type=\"application\/ld+json\" class=\"yoast-schema-graph\">{\"@context\":\"https:\/\/schema.org\",\"@graph\":[{\"@type\":\"WebPage\",\"@id\":\"https:\/\/www.matesxtu.es\/es\/contacta-amb-nosaltres\/\",\"url\":\"https:\/\/www.matesxtu.es\/es\/contacta-amb-nosaltres\/\",\"name\":\"CONTACTA CON NOSOTROS - MATESxTU educaci\u00f3n\",\"isPartOf\":{\"@id\":\"https:\/\/www.matesxtu.es\/es\/#website\"},\"primaryImageOfPage\":{\"@id\":\"https:\/\/www.matesxtu.es\/es\/contacta-amb-nosaltres\/#primaryimage\"},\"image\":{\"@id\":\"https:\/\/www.matesxtu.es\/es\/contacta-amb-nosaltres\/#primaryimage\"},\"thumbnailUrl\":\"http:\/\/www.matesxtu.es\/es\/wp-content\/uploads\/sites\/2\/2014\/09\/ico_correoweb-e1410862011579.png\",\"datePublished\":\"2014-09-15T16:22:11+00:00\",\"dateModified\":\"2021-04-30T22:58:45+00:00\",\"breadcrumb\":{\"@id\":\"https:\/\/www.matesxtu.es\/es\/contacta-amb-nosaltres\/#breadcrumb\"},\"inLanguage\":\"es\",\"potentialAction\":[{\"@type\":\"ReadAction\",\"target\":[\"https:\/\/www.matesxtu.es\/es\/contacta-amb-nosaltres\/\"]}]},{\"@type\":\"ImageObject\",\"inLanguage\":\"es\",\"@id\":\"https:\/\/www.matesxtu.es\/es\/contacta-amb-nosaltres\/#primaryimage\",\"url\":\"https:\/\/www.matesxtu.es\/es\/wp-content\/uploads\/sites\/2\/2014\/09\/ico_correoweb-e1410862011579.png\",\"contentUrl\":\"https:\/\/www.matesxtu.es\/es\/wp-content\/uploads\/sites\/2\/2014\/09\/ico_correoweb-e1410862011579.png\",\"width\":33,\"height\":33},{\"@type\":\"BreadcrumbList\",\"@id\":\"https:\/\/www.matesxtu.es\/es\/contacta-amb-nosaltres\/#breadcrumb\",\"itemListElement\":[{\"@type\":\"ListItem\",\"position\":1,\"name\":\"Inici\",\"item\":\"https:\/\/www.matesxtu.es\/es\/\"},{\"@type\":\"ListItem\",\"position\":2,\"name\":\"CONTACTA CON NOSOTROS\"}]},{\"@type\":\"WebSite\",\"@id\":\"https:\/\/www.matesxtu.es\/es\/#website\",\"url\":\"https:\/\/www.matesxtu.es\/es\/\",\"name\":\"MATESxTU educaci\u00f3n\",\"description\":\"MATESxTU  = + x TODOS\",\"publisher\":{\"@id\":\"https:\/\/www.matesxtu.es\/es\/#organization\"},\"potentialAction\":[{\"@type\":\"SearchAction\",\"target\":{\"@type\":\"EntryPoint\",\"urlTemplate\":\"https:\/\/www.matesxtu.es\/es\/?s={search_term_string}\"},\"query-input\":{\"@type\":\"PropertyValueSpecification\",\"valueRequired\":true,\"valueName\":\"search_term_string\"}}],\"inLanguage\":\"es\"},{\"@type\":\"Organization\",\"@id\":\"https:\/\/www.matesxtu.es\/es\/#organization\",\"name\":\"MATESxTU Academia de matematicas\",\"url\":\"https:\/\/www.matesxtu.es\/es\/\",\"logo\":{\"@type\":\"ImageObject\",\"inLanguage\":\"es\",\"@id\":\"https:\/\/www.matesxtu.es\/es\/#\/schema\/logo\/image\/\",\"url\":\"https:\/\/www.matesxtu.es\/es\/wp-content\/uploads\/sites\/2\/2021\/02\/logo_matesxtu_A4-2-e1612497302468.png\",\"contentUrl\":\"https:\/\/www.matesxtu.es\/es\/wp-content\/uploads\/sites\/2\/2021\/02\/logo_matesxtu_A4-2-e1612497302468.png\",\"width\":588,\"height\":499,\"caption\":\"MATESxTU Academia de matematicas\"},\"image\":{\"@id\":\"https:\/\/www.matesxtu.es\/es\/#\/schema\/logo\/image\/\"},\"sameAs\":[\"https:\/\/www.facebook.com\/Matesxtu-1465218103742467\/\",\"https:\/\/x.com\/elenabarberomxt\",\"https:\/\/www.instagram.com\/matesxtu\/\",\"https:\/\/www.linkedin.com\/in\/elena-barbero-revert\u00e9-aa8a4160\/\",\"https:\/\/www.youtube.com\/channel\/UCYS6kEJxsS2mT6VGEkNFOFQ\"]}]}<\/script>\n<!-- \/ Yoast SEO plugin. -->","yoast_head_json":{"title":"CONTACTA CON NOSOTROS - MATESxTU educaci\u00f3n","robots":{"index":"index","follow":"follow","max-snippet":"max-snippet:-1","max-image-preview":"max-image-preview:large","max-video-preview":"max-video-preview:-1"},"canonical":"https:\/\/www.matesxtu.es\/es\/contacta-amb-nosaltres\/","og_locale":"es_ES","og_type":"article","og_title":"CONTACTA CON NOSOTROS - MATESxTU educaci\u00f3n","og_description":"Nos puedes enviar un correo electr\u00f3nico, contactar con facebook o bien dejar un comentario en esta p\u00e1gina y te responderemos. &nbsp;elena@matesxtu.es &nbsp;688 91 25 68 &nbsp;\/Matesxtu","og_url":"https:\/\/www.matesxtu.es\/es\/contacta-amb-nosaltres\/","og_site_name":"MATESxTU educaci\u00f3n","article_publisher":"https:\/\/www.facebook.com\/Matesxtu-1465218103742467\/","article_modified_time":"2021-04-30T22:58:45+00:00","og_image":[{"url":"http:\/\/www.matesxtu.es\/es\/wp-content\/uploads\/sites\/2\/2014\/09\/ico_correoweb-e1410862011579.png","type":"","width":"","height":""}],"twitter_card":"summary_large_image","twitter_site":"@elenabarberomxt","schema":{"@context":"https:\/\/schema.org","@graph":[{"@type":"WebPage","@id":"https:\/\/www.matesxtu.es\/es\/contacta-amb-nosaltres\/","url":"https:\/\/www.matesxtu.es\/es\/contacta-amb-nosaltres\/","name":"CONTACTA CON NOSOTROS - MATESxTU educaci\u00f3n","isPartOf":{"@id":"https:\/\/www.matesxtu.es\/es\/#website"},"primaryImageOfPage":{"@id":"https:\/\/www.matesxtu.es\/es\/contacta-amb-nosaltres\/#primaryimage"},"image":{"@id":"https:\/\/www.matesxtu.es\/es\/contacta-amb-nosaltres\/#primaryimage"},"thumbnailUrl":"http:\/\/www.matesxtu.es\/es\/wp-content\/uploads\/sites\/2\/2014\/09\/ico_correoweb-e1410862011579.png","datePublished":"2014-09-15T16:22:11+00:00","dateModified":"2021-04-30T22:58:45+00:00","breadcrumb":{"@id":"https:\/\/www.matesxtu.es\/es\/contacta-amb-nosaltres\/#breadcrumb"},"inLanguage":"es","potentialAction":[{"@type":"ReadAction","target":["https:\/\/www.matesxtu.es\/es\/contacta-amb-nosaltres\/"]}]},{"@type":"ImageObject","inLanguage":"es","@id":"https:\/\/www.matesxtu.es\/es\/contacta-amb-nosaltres\/#primaryimage","url":"https:\/\/www.matesxtu.es\/es\/wp-content\/uploads\/sites\/2\/2014\/09\/ico_correoweb-e1410862011579.png","contentUrl":"https:\/\/www.matesxtu.es\/es\/wp-content\/uploads\/sites\/2\/2014\/09\/ico_correoweb-e1410862011579.png","width":33,"height":33},{"@type":"BreadcrumbList","@id":"https:\/\/www.matesxtu.es\/es\/contacta-amb-nosaltres\/#breadcrumb","itemListElement":[{"@type":"ListItem","position":1,"name":"Inici","item":"https:\/\/www.matesxtu.es\/es\/"},{"@type":"ListItem","position":2,"name":"CONTACTA CON NOSOTROS"}]},{"@type":"WebSite","@id":"https:\/\/www.matesxtu.es\/es\/#website","url":"https:\/\/www.matesxtu.es\/es\/","name":"MATESxTU educaci\u00f3n","description":"MATESxTU  = + x TODOS","publisher":{"@id":"https:\/\/www.matesxtu.es\/es\/#organization"},"potentialAction":[{"@type":"SearchAction","target":{"@type":"EntryPoint","urlTemplate":"https:\/\/www.matesxtu.es\/es\/?s={search_term_string}"},"query-input":{"@type":"PropertyValueSpecification","valueRequired":true,"valueName":"search_term_string"}}],"inLanguage":"es"},{"@type":"Organization","@id":"https:\/\/www.matesxtu.es\/es\/#organization","name":"MATESxTU Academia de matematicas","url":"https:\/\/www.matesxtu.es\/es\/","logo":{"@type":"ImageObject","inLanguage":"es","@id":"https:\/\/www.matesxtu.es\/es\/#\/schema\/logo\/image\/","url":"https:\/\/www.matesxtu.es\/es\/wp-content\/uploads\/sites\/2\/2021\/02\/logo_matesxtu_A4-2-e1612497302468.png","contentUrl":"https:\/\/www.matesxtu.es\/es\/wp-content\/uploads\/sites\/2\/2021\/02\/logo_matesxtu_A4-2-e1612497302468.png","width":588,"height":499,"caption":"MATESxTU Academia de matematicas"},"image":{"@id":"https:\/\/www.matesxtu.es\/es\/#\/schema\/logo\/image\/"},"sameAs":["https:\/\/www.facebook.com\/Matesxtu-1465218103742467\/","https:\/\/x.com\/elenabarberomxt","https:\/\/www.instagram.com\/matesxtu\/","https:\/\/www.linkedin.com\/in\/elena-barbero-revert\u00e9-aa8a4160\/","https:\/\/www.youtube.com\/channel\/UCYS6kEJxsS2mT6VGEkNFOFQ"]}]}},"jetpack_sharing_enabled":true,"_links":{"self":[{"href":"https:\/\/www.matesxtu.es\/es\/wp-json\/wp\/v2\/pages\/81","targetHints":{"allow":["GET"]}}],"collection":[{"href":"https:\/\/www.matesxtu.es\/es\/wp-json\/wp\/v2\/pages"}],"about":[{"href":"https:\/\/www.matesxtu.es\/es\/wp-json\/wp\/v2\/types\/page"}],"author":[{"embeddable":true,"href":"https:\/\/www.matesxtu.es\/es\/wp-json\/wp\/v2\/users\/1"}],"replies":[{"embeddable":true,"href":"https:\/\/www.matesxtu.es\/es\/wp-json\/wp\/v2\/comments?post=81"}],"version-history":[{"count":21,"href":"https:\/\/www.matesxtu.es\/es\/wp-json\/wp\/v2\/pages\/81\/revisions"}],"predecessor-version":[{"id":989,"href":"https:\/\/www.matesxtu.es\/es\/wp-json\/wp\/v2\/pages\/81\/revisions\/989"}],"wp:attachment":[{"href":"https:\/\/www.matesxtu.es\/es\/wp-json\/wp\/v2\/media?parent=81"}],"curies":[{"name":"wp","href":"https:\/\/api.w.org\/{rel}","templated":true}]}}