{"id":61,"date":"2014-09-15T15:26:43","date_gmt":"2014-09-15T15:26:43","guid":{"rendered":"http:\/\/www.matesxtu.es\/es\/?page_id=61"},"modified":"2023-02-10T11:41:51","modified_gmt":"2023-02-10T10:41:51","slug":"horaris","status":"publish","type":"page","link":"https:\/\/www.matesxtu.es\/es\/horaris\/","title":{"rendered":"HORARIOS Y PRECIOS"},"content":{"rendered":"<h1>HORARIOS<\/h1>\n<p>Los alumnos vienen un d\u00eda a la semana, durante una hora y media. La academia est\u00e1 abierta desde las 15:15 a las 20:15 y se imparten tres turnos de clases:<\/p>\n<p>&#8211; De 15:45 a 17:15, por los chicos de bachillerato y ESO.<br \/>\n&#8211; De 17:15 a 18:45, dirigido a los ni\u00f1os de infantil y a los peque\u00f1os de primaria.<br \/>\n&#8211; De 18:45 a 20:15, para los ni\u00f1os de primaria y secundaria.<\/p>\n<p>El d\u00eda de la semana se asignar\u00e1 en funci\u00f3n del nivel y disponibilidad de los nuevos alumnos y los grupos m\u00e1s adecuados por cada caso. El valor a\u00f1adido de\u00a0MATESxTU\u00a0es la personalizaci\u00f3n, as\u00ed que siempre ser\u00e1n grupos reducidos (con un m\u00e1ximo seis ni\u00f1os).<\/p>\n<h1>PRECIOS<\/h1>\n<p>Para el curso 2022-2023 el precio ser\u00e1 de 56 euros al mes para primaria, 64 euros para secundaria y 72 para bachillerato. La matr\u00edcula ser\u00e1 de 50 euros.<\/p>\n","protected":false},"excerpt":{"rendered":"<p>HORARIOS Los alumnos vienen un d\u00eda a la semana, durante una hora y media. La academia est\u00e1 abierta desde las 15:15 a las 20:15 y se imparten tres turnos de clases: &#8211; De 15:45 a 17:15, por los chicos de bachillerato y ESO. &#8211; De 17:15 a 18:45, dirigido a los ni\u00f1os de infantil y [&hellip;]<\/p>\n","protected":false},"author":1,"featured_media":0,"parent":0,"menu_order":0,"comment_status":"closed","ping_status":"open","template":"","meta":{"jetpack_post_was_ever_published":false,"footnotes":""},"class_list":["post-61","page","type-page","status-publish","hentry"],"yoast_head":"<!-- This site is optimized with the Yoast SEO plugin v25.8 - https:\/\/yoast.com\/wordpress\/plugins\/seo\/ -->\n<title>HORARIOS Y PRECIOS - MATESxTU educaci\u00f3n<\/title>\n<meta name=\"robots\" content=\"index, follow, max-snippet:-1, max-image-preview:large, max-video-preview:-1\" \/>\n<link rel=\"canonical\" href=\"https:\/\/www.matesxtu.es\/es\/horaris\/\" \/>\n<meta property=\"og:locale\" content=\"es_ES\" \/>\n<meta property=\"og:type\" content=\"article\" \/>\n<meta property=\"og:title\" content=\"HORARIOS Y PRECIOS - MATESxTU educaci\u00f3n\" \/>\n<meta property=\"og:description\" content=\"HORARIOS Los alumnos vienen un d\u00eda a la semana, durante una hora y media. La academia est\u00e1 abierta desde las 15:15 a las 20:15 y se imparten tres turnos de clases: &#8211; De 15:45 a 17:15, por los chicos de bachillerato y ESO. &#8211; De 17:15 a 18:45, dirigido a los ni\u00f1os de infantil y [&hellip;]\" \/>\n<meta property=\"og:url\" content=\"https:\/\/www.matesxtu.es\/es\/horaris\/\" \/>\n<meta property=\"og:site_name\" content=\"MATESxTU educaci\u00f3n\" \/>\n<meta property=\"article:publisher\" content=\"https:\/\/www.facebook.com\/Matesxtu-1465218103742467\/\" \/>\n<meta property=\"article:modified_time\" content=\"2023-02-10T10:41:51+00:00\" \/>\n<meta name=\"twitter:card\" content=\"summary_large_image\" \/>\n<meta name=\"twitter:site\" content=\"@elenabarberomxt\" \/>\n<meta name=\"twitter:label1\" content=\"Tiempo de lectura\" \/>\n\t<meta name=\"twitter:data1\" content=\"1 minuto\" \/>\n<script type=\"application\/ld+json\" class=\"yoast-schema-graph\">{\"@context\":\"https:\/\/schema.org\",\"@graph\":[{\"@type\":\"WebPage\",\"@id\":\"https:\/\/www.matesxtu.es\/es\/horaris\/\",\"url\":\"https:\/\/www.matesxtu.es\/es\/horaris\/\",\"name\":\"HORARIOS Y PRECIOS - MATESxTU educaci\u00f3n\",\"isPartOf\":{\"@id\":\"https:\/\/www.matesxtu.es\/es\/#website\"},\"datePublished\":\"2014-09-15T15:26:43+00:00\",\"dateModified\":\"2023-02-10T10:41:51+00:00\",\"breadcrumb\":{\"@id\":\"https:\/\/www.matesxtu.es\/es\/horaris\/#breadcrumb\"},\"inLanguage\":\"es\",\"potentialAction\":[{\"@type\":\"ReadAction\",\"target\":[\"https:\/\/www.matesxtu.es\/es\/horaris\/\"]}]},{\"@type\":\"BreadcrumbList\",\"@id\":\"https:\/\/www.matesxtu.es\/es\/horaris\/#breadcrumb\",\"itemListElement\":[{\"@type\":\"ListItem\",\"position\":1,\"name\":\"Inici\",\"item\":\"https:\/\/www.matesxtu.es\/es\/\"},{\"@type\":\"ListItem\",\"position\":2,\"name\":\"HORARIOS Y PRECIOS\"}]},{\"@type\":\"WebSite\",\"@id\":\"https:\/\/www.matesxtu.es\/es\/#website\",\"url\":\"https:\/\/www.matesxtu.es\/es\/\",\"name\":\"MATESxTU educaci\u00f3n\",\"description\":\"MATESxTU  = + x TODOS\",\"publisher\":{\"@id\":\"https:\/\/www.matesxtu.es\/es\/#organization\"},\"potentialAction\":[{\"@type\":\"SearchAction\",\"target\":{\"@type\":\"EntryPoint\",\"urlTemplate\":\"https:\/\/www.matesxtu.es\/es\/?s={search_term_string}\"},\"query-input\":{\"@type\":\"PropertyValueSpecification\",\"valueRequired\":true,\"valueName\":\"search_term_string\"}}],\"inLanguage\":\"es\"},{\"@type\":\"Organization\",\"@id\":\"https:\/\/www.matesxtu.es\/es\/#organization\",\"name\":\"MATESxTU Academia de matematicas\",\"url\":\"https:\/\/www.matesxtu.es\/es\/\",\"logo\":{\"@type\":\"ImageObject\",\"inLanguage\":\"es\",\"@id\":\"https:\/\/www.matesxtu.es\/es\/#\/schema\/logo\/image\/\",\"url\":\"https:\/\/www.matesxtu.es\/es\/wp-content\/uploads\/sites\/2\/2021\/02\/logo_matesxtu_A4-2-e1612497302468.png\",\"contentUrl\":\"https:\/\/www.matesxtu.es\/es\/wp-content\/uploads\/sites\/2\/2021\/02\/logo_matesxtu_A4-2-e1612497302468.png\",\"width\":588,\"height\":499,\"caption\":\"MATESxTU Academia de matematicas\"},\"image\":{\"@id\":\"https:\/\/www.matesxtu.es\/es\/#\/schema\/logo\/image\/\"},\"sameAs\":[\"https:\/\/www.facebook.com\/Matesxtu-1465218103742467\/\",\"https:\/\/x.com\/elenabarberomxt\",\"https:\/\/www.instagram.com\/matesxtu\/\",\"https:\/\/www.linkedin.com\/in\/elena-barbero-revert\u00e9-aa8a4160\/\",\"https:\/\/www.youtube.com\/channel\/UCYS6kEJxsS2mT6VGEkNFOFQ\"]}]}<\/script>\n<!-- \/ Yoast SEO plugin. -->","yoast_head_json":{"title":"HORARIOS Y PRECIOS - MATESxTU educaci\u00f3n","robots":{"index":"index","follow":"follow","max-snippet":"max-snippet:-1","max-image-preview":"max-image-preview:large","max-video-preview":"max-video-preview:-1"},"canonical":"https:\/\/www.matesxtu.es\/es\/horaris\/","og_locale":"es_ES","og_type":"article","og_title":"HORARIOS Y PRECIOS - MATESxTU educaci\u00f3n","og_description":"HORARIOS Los alumnos vienen un d\u00eda a la semana, durante una hora y media. La academia est\u00e1 abierta desde las 15:15 a las 20:15 y se imparten tres turnos de clases: &#8211; De 15:45 a 17:15, por los chicos de bachillerato y ESO. &#8211; De 17:15 a 18:45, dirigido a los ni\u00f1os de infantil y [&hellip;]","og_url":"https:\/\/www.matesxtu.es\/es\/horaris\/","og_site_name":"MATESxTU educaci\u00f3n","article_publisher":"https:\/\/www.facebook.com\/Matesxtu-1465218103742467\/","article_modified_time":"2023-02-10T10:41:51+00:00","twitter_card":"summary_large_image","twitter_site":"@elenabarberomxt","twitter_misc":{"Tiempo de lectura":"1 minuto"},"schema":{"@context":"https:\/\/schema.org","@graph":[{"@type":"WebPage","@id":"https:\/\/www.matesxtu.es\/es\/horaris\/","url":"https:\/\/www.matesxtu.es\/es\/horaris\/","name":"HORARIOS Y PRECIOS - MATESxTU educaci\u00f3n","isPartOf":{"@id":"https:\/\/www.matesxtu.es\/es\/#website"},"datePublished":"2014-09-15T15:26:43+00:00","dateModified":"2023-02-10T10:41:51+00:00","breadcrumb":{"@id":"https:\/\/www.matesxtu.es\/es\/horaris\/#breadcrumb"},"inLanguage":"es","potentialAction":[{"@type":"ReadAction","target":["https:\/\/www.matesxtu.es\/es\/horaris\/"]}]},{"@type":"BreadcrumbList","@id":"https:\/\/www.matesxtu.es\/es\/horaris\/#breadcrumb","itemListElement":[{"@type":"ListItem","position":1,"name":"Inici","item":"https:\/\/www.matesxtu.es\/es\/"},{"@type":"ListItem","position":2,"name":"HORARIOS Y PRECIOS"}]},{"@type":"WebSite","@id":"https:\/\/www.matesxtu.es\/es\/#website","url":"https:\/\/www.matesxtu.es\/es\/","name":"MATESxTU educaci\u00f3n","description":"MATESxTU  = + x TODOS","publisher":{"@id":"https:\/\/www.matesxtu.es\/es\/#organization"},"potentialAction":[{"@type":"SearchAction","target":{"@type":"EntryPoint","urlTemplate":"https:\/\/www.matesxtu.es\/es\/?s={search_term_string}"},"query-input":{"@type":"PropertyValueSpecification","valueRequired":true,"valueName":"search_term_string"}}],"inLanguage":"es"},{"@type":"Organization","@id":"https:\/\/www.matesxtu.es\/es\/#organization","name":"MATESxTU Academia de matematicas","url":"https:\/\/www.matesxtu.es\/es\/","logo":{"@type":"ImageObject","inLanguage":"es","@id":"https:\/\/www.matesxtu.es\/es\/#\/schema\/logo\/image\/","url":"https:\/\/www.matesxtu.es\/es\/wp-content\/uploads\/sites\/2\/2021\/02\/logo_matesxtu_A4-2-e1612497302468.png","contentUrl":"https:\/\/www.matesxtu.es\/es\/wp-content\/uploads\/sites\/2\/2021\/02\/logo_matesxtu_A4-2-e1612497302468.png","width":588,"height":499,"caption":"MATESxTU Academia de matematicas"},"image":{"@id":"https:\/\/www.matesxtu.es\/es\/#\/schema\/logo\/image\/"},"sameAs":["https:\/\/www.facebook.com\/Matesxtu-1465218103742467\/","https:\/\/x.com\/elenabarberomxt","https:\/\/www.instagram.com\/matesxtu\/","https:\/\/www.linkedin.com\/in\/elena-barbero-revert\u00e9-aa8a4160\/","https:\/\/www.youtube.com\/channel\/UCYS6kEJxsS2mT6VGEkNFOFQ"]}]}},"jetpack_sharing_enabled":true,"_links":{"self":[{"href":"https:\/\/www.matesxtu.es\/es\/wp-json\/wp\/v2\/pages\/61","targetHints":{"allow":["GET"]}}],"collection":[{"href":"https:\/\/www.matesxtu.es\/es\/wp-json\/wp\/v2\/pages"}],"about":[{"href":"https:\/\/www.matesxtu.es\/es\/wp-json\/wp\/v2\/types\/page"}],"author":[{"embeddable":true,"href":"https:\/\/www.matesxtu.es\/es\/wp-json\/wp\/v2\/users\/1"}],"replies":[{"embeddable":true,"href":"https:\/\/www.matesxtu.es\/es\/wp-json\/wp\/v2\/comments?post=61"}],"version-history":[{"count":21,"href":"https:\/\/www.matesxtu.es\/es\/wp-json\/wp\/v2\/pages\/61\/revisions"}],"predecessor-version":[{"id":1108,"href":"https:\/\/www.matesxtu.es\/es\/wp-json\/wp\/v2\/pages\/61\/revisions\/1108"}],"wp:attachment":[{"href":"https:\/\/www.matesxtu.es\/es\/wp-json\/wp\/v2\/media?parent=61"}],"curies":[{"name":"wp","href":"https:\/\/api.w.org\/{rel}","templated":true}]}}