{"id":55,"date":"2014-09-15T15:21:37","date_gmt":"2014-09-15T15:21:37","guid":{"rendered":"http:\/\/www.matesxtu.es\/es\/?page_id=55"},"modified":"2016-06-07T10:59:50","modified_gmt":"2016-06-07T09:59:50","slug":"intel-ligencia-matematica","status":"publish","type":"page","link":"https:\/\/www.matesxtu.es\/es\/intel-ligencia-matematica\/","title":{"rendered":"INTELIGENCIA MATEM\u00c1TICA"},"content":{"rendered":"<p>La inteligencia l\u00f3gico-matem\u00e1tica es la capacidad de utilizar los n\u00fameros de manera efectiva y de razonar adecuadamente utilizando el pensamiento l\u00f3gico. Es uno de los tipos de inteligencia seg\u00fan la clasificaci\u00f3n de Howard Gardner, creador de la teor\u00eda de las inteligencias m\u00faltiples.<\/p>\n<p>As\u00ed, consiste en saber solucionar problemas a trav\u00e9s del razonamiento. Los alumnos con esta habilitdad son r\u00e1pidos pasando de la representaci\u00f3n simb\u00f3lica (signos y n\u00fameros) a los conceptos concretos (magnitudes, el todo y la parte, \u2026)<\/p>\n<p>Un alumno que tiene dificultades para pasar de lo simb\u00f3lico a lo concreto no puede \u201cpensar en abstracto\u201d y le faltar\u00e1n estrategias para solucionar los problemas.<\/p>\n<p><img loading=\"lazy\" decoding=\"async\" data-attachment-id=\"137\" data-permalink=\"https:\/\/www.matesxtu.es\/es\/cps\/concret2\/\" data-orig-file=\"https:\/\/www.matesxtu.es\/es\/wp-content\/uploads\/sites\/2\/2014\/09\/concret2.png\" data-orig-size=\"543,240\" data-comments-opened=\"1\" data-image-meta=\"{&quot;aperture&quot;:&quot;0&quot;,&quot;credit&quot;:&quot;&quot;,&quot;camera&quot;:&quot;&quot;,&quot;caption&quot;:&quot;&quot;,&quot;created_timestamp&quot;:&quot;0&quot;,&quot;copyright&quot;:&quot;&quot;,&quot;focal_length&quot;:&quot;0&quot;,&quot;iso&quot;:&quot;0&quot;,&quot;shutter_speed&quot;:&quot;0&quot;,&quot;title&quot;:&quot;&quot;}\" data-image-title=\"concret2\" data-image-description=\"\" data-image-caption=\"\" data-medium-file=\"https:\/\/www.matesxtu.es\/es\/wp-content\/uploads\/sites\/2\/2014\/09\/concret2-300x132.png\" data-large-file=\"https:\/\/www.matesxtu.es\/es\/wp-content\/uploads\/sites\/2\/2014\/09\/concret2.png\" class=\"aligncenter wp-image-137 size-full\" src=\"https:\/\/www.matesxtu.es\/es\/wp-content\/uploads\/sites\/2\/2014\/09\/concret2.png\" alt=\"concret2\" width=\"543\" height=\"240\" srcset=\"https:\/\/www.matesxtu.es\/es\/wp-content\/uploads\/sites\/2\/2014\/09\/concret2.png 543w, https:\/\/www.matesxtu.es\/es\/wp-content\/uploads\/sites\/2\/2014\/09\/concret2-300x132.png 300w\" sizes=\"auto, (max-width: 543px) 100vw, 543px\" \/><\/p>\n<p><img loading=\"lazy\" decoding=\"async\" data-attachment-id=\"138\" data-permalink=\"https:\/\/www.matesxtu.es\/es\/cps\/simbolic2\/\" data-orig-file=\"https:\/\/www.matesxtu.es\/es\/wp-content\/uploads\/sites\/2\/2014\/09\/simbolic2.png\" data-orig-size=\"232,59\" data-comments-opened=\"1\" data-image-meta=\"{&quot;aperture&quot;:&quot;0&quot;,&quot;credit&quot;:&quot;&quot;,&quot;camera&quot;:&quot;&quot;,&quot;caption&quot;:&quot;&quot;,&quot;created_timestamp&quot;:&quot;0&quot;,&quot;copyright&quot;:&quot;&quot;,&quot;focal_length&quot;:&quot;0&quot;,&quot;iso&quot;:&quot;0&quot;,&quot;shutter_speed&quot;:&quot;0&quot;,&quot;title&quot;:&quot;&quot;}\" data-image-title=\"simbolic2\" data-image-description=\"\" data-image-caption=\"\" data-medium-file=\"https:\/\/www.matesxtu.es\/es\/wp-content\/uploads\/sites\/2\/2014\/09\/simbolic2.png\" data-large-file=\"https:\/\/www.matesxtu.es\/es\/wp-content\/uploads\/sites\/2\/2014\/09\/simbolic2.png\" class=\"aligncenter wp-image-138 size-full\" src=\"https:\/\/www.matesxtu.es\/es\/wp-content\/uploads\/sites\/2\/2014\/09\/simbolic2.png\" alt=\"simbolic2\" width=\"232\" height=\"59\" \/><\/p>\n<p>Desde la perspectiva de la psicolog\u00eda evolutiva, los alumnos menores de doce a\u00f1os necesitan manipular los objetos de los enunciados de los problemas para poder entenderlos, ya que no disponen de las habilidades para \u201cpensar en abstracto\u201d.<\/p>\n","protected":false},"excerpt":{"rendered":"<p>La inteligencia l\u00f3gico-matem\u00e1tica es la capacidad de utilizar los n\u00fameros de manera efectiva y de razonar adecuadamente utilizando el pensamiento l\u00f3gico. Es uno de los tipos de inteligencia seg\u00fan la clasificaci\u00f3n de Howard Gardner, creador de la teor\u00eda de las inteligencias m\u00faltiples. As\u00ed, consiste en saber solucionar problemas a trav\u00e9s del razonamiento. Los alumnos con [&hellip;]<\/p>\n","protected":false},"author":1,"featured_media":0,"parent":0,"menu_order":0,"comment_status":"closed","ping_status":"open","template":"page-templates\/full-width.php","meta":{"jetpack_post_was_ever_published":false,"footnotes":""},"class_list":["post-55","page","type-page","status-publish","hentry"],"yoast_head":"<!-- This site is optimized with the Yoast SEO plugin v25.8 - https:\/\/yoast.com\/wordpress\/plugins\/seo\/ -->\n<title>INTELIGENCIA MATEM\u00c1TICA - MATESxTU educaci\u00f3n<\/title>\n<meta name=\"robots\" content=\"index, follow, max-snippet:-1, max-image-preview:large, max-video-preview:-1\" \/>\n<link rel=\"canonical\" href=\"https:\/\/www.matesxtu.es\/es\/intel-ligencia-matematica\/\" \/>\n<meta property=\"og:locale\" content=\"es_ES\" \/>\n<meta property=\"og:type\" content=\"article\" \/>\n<meta property=\"og:title\" content=\"INTELIGENCIA MATEM\u00c1TICA - MATESxTU educaci\u00f3n\" \/>\n<meta property=\"og:description\" content=\"La inteligencia l\u00f3gico-matem\u00e1tica es la capacidad de utilizar los n\u00fameros de manera efectiva y de razonar adecuadamente utilizando el pensamiento l\u00f3gico. Es uno de los tipos de inteligencia seg\u00fan la clasificaci\u00f3n de Howard Gardner, creador de la teor\u00eda de las inteligencias m\u00faltiples. As\u00ed, consiste en saber solucionar problemas a trav\u00e9s del razonamiento. Los alumnos con [&hellip;]\" \/>\n<meta property=\"og:url\" content=\"https:\/\/www.matesxtu.es\/es\/intel-ligencia-matematica\/\" \/>\n<meta property=\"og:site_name\" content=\"MATESxTU educaci\u00f3n\" \/>\n<meta property=\"article:publisher\" content=\"https:\/\/www.facebook.com\/Matesxtu-1465218103742467\/\" \/>\n<meta property=\"article:modified_time\" content=\"2016-06-07T09:59:50+00:00\" \/>\n<meta property=\"og:image\" content=\"http:\/\/www.matesxtu.es\/es\/wp-content\/uploads\/sites\/2\/2014\/09\/concret2.png\" \/>\n<meta name=\"twitter:card\" content=\"summary_large_image\" \/>\n<meta name=\"twitter:site\" content=\"@elenabarberomxt\" \/>\n<meta name=\"twitter:label1\" content=\"Tiempo de lectura\" \/>\n\t<meta name=\"twitter:data1\" content=\"1 minuto\" \/>\n<script type=\"application\/ld+json\" class=\"yoast-schema-graph\">{\"@context\":\"https:\/\/schema.org\",\"@graph\":[{\"@type\":\"WebPage\",\"@id\":\"https:\/\/www.matesxtu.es\/es\/intel-ligencia-matematica\/\",\"url\":\"https:\/\/www.matesxtu.es\/es\/intel-ligencia-matematica\/\",\"name\":\"INTELIGENCIA MATEM\u00c1TICA - MATESxTU educaci\u00f3n\",\"isPartOf\":{\"@id\":\"https:\/\/www.matesxtu.es\/es\/#website\"},\"primaryImageOfPage\":{\"@id\":\"https:\/\/www.matesxtu.es\/es\/intel-ligencia-matematica\/#primaryimage\"},\"image\":{\"@id\":\"https:\/\/www.matesxtu.es\/es\/intel-ligencia-matematica\/#primaryimage\"},\"thumbnailUrl\":\"http:\/\/www.matesxtu.es\/es\/wp-content\/uploads\/sites\/2\/2014\/09\/concret2.png\",\"datePublished\":\"2014-09-15T15:21:37+00:00\",\"dateModified\":\"2016-06-07T09:59:50+00:00\",\"breadcrumb\":{\"@id\":\"https:\/\/www.matesxtu.es\/es\/intel-ligencia-matematica\/#breadcrumb\"},\"inLanguage\":\"es\",\"potentialAction\":[{\"@type\":\"ReadAction\",\"target\":[\"https:\/\/www.matesxtu.es\/es\/intel-ligencia-matematica\/\"]}]},{\"@type\":\"ImageObject\",\"inLanguage\":\"es\",\"@id\":\"https:\/\/www.matesxtu.es\/es\/intel-ligencia-matematica\/#primaryimage\",\"url\":\"https:\/\/www.matesxtu.es\/es\/wp-content\/uploads\/sites\/2\/2014\/09\/concret2.png\",\"contentUrl\":\"https:\/\/www.matesxtu.es\/es\/wp-content\/uploads\/sites\/2\/2014\/09\/concret2.png\",\"width\":543,\"height\":240},{\"@type\":\"BreadcrumbList\",\"@id\":\"https:\/\/www.matesxtu.es\/es\/intel-ligencia-matematica\/#breadcrumb\",\"itemListElement\":[{\"@type\":\"ListItem\",\"position\":1,\"name\":\"Inici\",\"item\":\"https:\/\/www.matesxtu.es\/es\/\"},{\"@type\":\"ListItem\",\"position\":2,\"name\":\"INTELIGENCIA MATEM\u00c1TICA\"}]},{\"@type\":\"WebSite\",\"@id\":\"https:\/\/www.matesxtu.es\/es\/#website\",\"url\":\"https:\/\/www.matesxtu.es\/es\/\",\"name\":\"MATESxTU educaci\u00f3n\",\"description\":\"MATESxTU  = + x TODOS\",\"publisher\":{\"@id\":\"https:\/\/www.matesxtu.es\/es\/#organization\"},\"potentialAction\":[{\"@type\":\"SearchAction\",\"target\":{\"@type\":\"EntryPoint\",\"urlTemplate\":\"https:\/\/www.matesxtu.es\/es\/?s={search_term_string}\"},\"query-input\":{\"@type\":\"PropertyValueSpecification\",\"valueRequired\":true,\"valueName\":\"search_term_string\"}}],\"inLanguage\":\"es\"},{\"@type\":\"Organization\",\"@id\":\"https:\/\/www.matesxtu.es\/es\/#organization\",\"name\":\"MATESxTU Academia de matematicas\",\"url\":\"https:\/\/www.matesxtu.es\/es\/\",\"logo\":{\"@type\":\"ImageObject\",\"inLanguage\":\"es\",\"@id\":\"https:\/\/www.matesxtu.es\/es\/#\/schema\/logo\/image\/\",\"url\":\"https:\/\/www.matesxtu.es\/es\/wp-content\/uploads\/sites\/2\/2021\/02\/logo_matesxtu_A4-2-e1612497302468.png\",\"contentUrl\":\"https:\/\/www.matesxtu.es\/es\/wp-content\/uploads\/sites\/2\/2021\/02\/logo_matesxtu_A4-2-e1612497302468.png\",\"width\":588,\"height\":499,\"caption\":\"MATESxTU Academia de matematicas\"},\"image\":{\"@id\":\"https:\/\/www.matesxtu.es\/es\/#\/schema\/logo\/image\/\"},\"sameAs\":[\"https:\/\/www.facebook.com\/Matesxtu-1465218103742467\/\",\"https:\/\/x.com\/elenabarberomxt\",\"https:\/\/www.instagram.com\/matesxtu\/\",\"https:\/\/www.linkedin.com\/in\/elena-barbero-revert\u00e9-aa8a4160\/\",\"https:\/\/www.youtube.com\/channel\/UCYS6kEJxsS2mT6VGEkNFOFQ\"]}]}<\/script>\n<!-- \/ Yoast SEO plugin. -->","yoast_head_json":{"title":"INTELIGENCIA MATEM\u00c1TICA - MATESxTU educaci\u00f3n","robots":{"index":"index","follow":"follow","max-snippet":"max-snippet:-1","max-image-preview":"max-image-preview:large","max-video-preview":"max-video-preview:-1"},"canonical":"https:\/\/www.matesxtu.es\/es\/intel-ligencia-matematica\/","og_locale":"es_ES","og_type":"article","og_title":"INTELIGENCIA MATEM\u00c1TICA - MATESxTU educaci\u00f3n","og_description":"La inteligencia l\u00f3gico-matem\u00e1tica es la capacidad de utilizar los n\u00fameros de manera efectiva y de razonar adecuadamente utilizando el pensamiento l\u00f3gico. Es uno de los tipos de inteligencia seg\u00fan la clasificaci\u00f3n de Howard Gardner, creador de la teor\u00eda de las inteligencias m\u00faltiples. As\u00ed, consiste en saber solucionar problemas a trav\u00e9s del razonamiento. Los alumnos con [&hellip;]","og_url":"https:\/\/www.matesxtu.es\/es\/intel-ligencia-matematica\/","og_site_name":"MATESxTU educaci\u00f3n","article_publisher":"https:\/\/www.facebook.com\/Matesxtu-1465218103742467\/","article_modified_time":"2016-06-07T09:59:50+00:00","og_image":[{"url":"http:\/\/www.matesxtu.es\/es\/wp-content\/uploads\/sites\/2\/2014\/09\/concret2.png","type":"","width":"","height":""}],"twitter_card":"summary_large_image","twitter_site":"@elenabarberomxt","twitter_misc":{"Tiempo de lectura":"1 minuto"},"schema":{"@context":"https:\/\/schema.org","@graph":[{"@type":"WebPage","@id":"https:\/\/www.matesxtu.es\/es\/intel-ligencia-matematica\/","url":"https:\/\/www.matesxtu.es\/es\/intel-ligencia-matematica\/","name":"INTELIGENCIA MATEM\u00c1TICA - MATESxTU educaci\u00f3n","isPartOf":{"@id":"https:\/\/www.matesxtu.es\/es\/#website"},"primaryImageOfPage":{"@id":"https:\/\/www.matesxtu.es\/es\/intel-ligencia-matematica\/#primaryimage"},"image":{"@id":"https:\/\/www.matesxtu.es\/es\/intel-ligencia-matematica\/#primaryimage"},"thumbnailUrl":"http:\/\/www.matesxtu.es\/es\/wp-content\/uploads\/sites\/2\/2014\/09\/concret2.png","datePublished":"2014-09-15T15:21:37+00:00","dateModified":"2016-06-07T09:59:50+00:00","breadcrumb":{"@id":"https:\/\/www.matesxtu.es\/es\/intel-ligencia-matematica\/#breadcrumb"},"inLanguage":"es","potentialAction":[{"@type":"ReadAction","target":["https:\/\/www.matesxtu.es\/es\/intel-ligencia-matematica\/"]}]},{"@type":"ImageObject","inLanguage":"es","@id":"https:\/\/www.matesxtu.es\/es\/intel-ligencia-matematica\/#primaryimage","url":"https:\/\/www.matesxtu.es\/es\/wp-content\/uploads\/sites\/2\/2014\/09\/concret2.png","contentUrl":"https:\/\/www.matesxtu.es\/es\/wp-content\/uploads\/sites\/2\/2014\/09\/concret2.png","width":543,"height":240},{"@type":"BreadcrumbList","@id":"https:\/\/www.matesxtu.es\/es\/intel-ligencia-matematica\/#breadcrumb","itemListElement":[{"@type":"ListItem","position":1,"name":"Inici","item":"https:\/\/www.matesxtu.es\/es\/"},{"@type":"ListItem","position":2,"name":"INTELIGENCIA MATEM\u00c1TICA"}]},{"@type":"WebSite","@id":"https:\/\/www.matesxtu.es\/es\/#website","url":"https:\/\/www.matesxtu.es\/es\/","name":"MATESxTU educaci\u00f3n","description":"MATESxTU  = + x TODOS","publisher":{"@id":"https:\/\/www.matesxtu.es\/es\/#organization"},"potentialAction":[{"@type":"SearchAction","target":{"@type":"EntryPoint","urlTemplate":"https:\/\/www.matesxtu.es\/es\/?s={search_term_string}"},"query-input":{"@type":"PropertyValueSpecification","valueRequired":true,"valueName":"search_term_string"}}],"inLanguage":"es"},{"@type":"Organization","@id":"https:\/\/www.matesxtu.es\/es\/#organization","name":"MATESxTU Academia de matematicas","url":"https:\/\/www.matesxtu.es\/es\/","logo":{"@type":"ImageObject","inLanguage":"es","@id":"https:\/\/www.matesxtu.es\/es\/#\/schema\/logo\/image\/","url":"https:\/\/www.matesxtu.es\/es\/wp-content\/uploads\/sites\/2\/2021\/02\/logo_matesxtu_A4-2-e1612497302468.png","contentUrl":"https:\/\/www.matesxtu.es\/es\/wp-content\/uploads\/sites\/2\/2021\/02\/logo_matesxtu_A4-2-e1612497302468.png","width":588,"height":499,"caption":"MATESxTU Academia de matematicas"},"image":{"@id":"https:\/\/www.matesxtu.es\/es\/#\/schema\/logo\/image\/"},"sameAs":["https:\/\/www.facebook.com\/Matesxtu-1465218103742467\/","https:\/\/x.com\/elenabarberomxt","https:\/\/www.instagram.com\/matesxtu\/","https:\/\/www.linkedin.com\/in\/elena-barbero-revert\u00e9-aa8a4160\/","https:\/\/www.youtube.com\/channel\/UCYS6kEJxsS2mT6VGEkNFOFQ"]}]}},"jetpack_sharing_enabled":true,"_links":{"self":[{"href":"https:\/\/www.matesxtu.es\/es\/wp-json\/wp\/v2\/pages\/55","targetHints":{"allow":["GET"]}}],"collection":[{"href":"https:\/\/www.matesxtu.es\/es\/wp-json\/wp\/v2\/pages"}],"about":[{"href":"https:\/\/www.matesxtu.es\/es\/wp-json\/wp\/v2\/types\/page"}],"author":[{"embeddable":true,"href":"https:\/\/www.matesxtu.es\/es\/wp-json\/wp\/v2\/users\/1"}],"replies":[{"embeddable":true,"href":"https:\/\/www.matesxtu.es\/es\/wp-json\/wp\/v2\/comments?post=55"}],"version-history":[{"count":11,"href":"https:\/\/www.matesxtu.es\/es\/wp-json\/wp\/v2\/pages\/55\/revisions"}],"predecessor-version":[{"id":625,"href":"https:\/\/www.matesxtu.es\/es\/wp-json\/wp\/v2\/pages\/55\/revisions\/625"}],"wp:attachment":[{"href":"https:\/\/www.matesxtu.es\/es\/wp-json\/wp\/v2\/media?parent=55"}],"curies":[{"name":"wp","href":"https:\/\/api.w.org\/{rel}","templated":true}]}}