{"id":51,"date":"2014-09-15T15:20:40","date_gmt":"2014-09-15T15:20:40","guid":{"rendered":"http:\/\/www.matesxtu.es\/es\/?page_id=51"},"modified":"2016-07-05T18:42:13","modified_gmt":"2016-07-05T17:42:13","slug":"com-funciona","status":"publish","type":"page","link":"https:\/\/www.matesxtu.es\/es\/com-funciona\/","title":{"rendered":"\u00bf C\u00d3MO FUNCIONA ?"},"content":{"rendered":"<p>&#8211;\u00a0Nuestro m\u00e9todo tiene como punto central la resoluci\u00f3n de problemas para la ense\u00f1anza de las matem\u00e1ticas.<\/p>\n<p>&#8211;\u00a0Es un m\u00e9todo competencial: usa recursos manipulables y visuales para conseguir un aprendizaje m\u00e1s significativo. El alumno comprende el concepto antes que su representaci\u00f3n gr\u00e1fica con n\u00fameros y signos.<\/p>\n<p>&#8211;\u00a0Estimula capacidades cognitivas como la capacidad lectora o la comprensi\u00f3n de im\u00e1genes.<\/p>\n<p>&#8211;\u00a0Se basa en la participaci\u00f3n activa del alumno, no es el profesor quien lleva el ritmo de la clase de manera unilateral. De este modo a tiempo real se pueden identificar el grado de comprensi\u00f3n y detectar las dificultades de cada alumno.<\/p>\n<p>&#8211;\u00a0Las definiciones se desarrollan a partir de la inducci\u00f3n, a trav\u00e9s de situaciones cotidianas de los ni\u00f1os.<br \/>\n<a href=\"https:\/\/www.matesxtu.es\/es\/wp-content\/uploads\/sites\/2\/2014\/09\/franklin-benjamin-03.png\"><br \/>\n<\/a><a href=\"https:\/\/www.matesxtu.es\/es\/wp-content\/uploads\/sites\/2\/2014\/09\/franklin-benjamin-03ES.png\"><img loading=\"lazy\" decoding=\"async\" data-attachment-id=\"290\" data-permalink=\"https:\/\/www.matesxtu.es\/es\/com-funciona\/franklin-benjamin-03es\/\" data-orig-file=\"https:\/\/www.matesxtu.es\/es\/wp-content\/uploads\/sites\/2\/2014\/09\/franklin-benjamin-03ES.png\" data-orig-size=\"480,440\" data-comments-opened=\"1\" data-image-meta=\"{&quot;aperture&quot;:&quot;0&quot;,&quot;credit&quot;:&quot;&quot;,&quot;camera&quot;:&quot;&quot;,&quot;caption&quot;:&quot;&quot;,&quot;created_timestamp&quot;:&quot;0&quot;,&quot;copyright&quot;:&quot;&quot;,&quot;focal_length&quot;:&quot;0&quot;,&quot;iso&quot;:&quot;0&quot;,&quot;shutter_speed&quot;:&quot;0&quot;,&quot;title&quot;:&quot;&quot;}\" data-image-title=\"franklin-benjamin-03ES\" data-image-description=\"\" data-image-caption=\"\" data-medium-file=\"https:\/\/www.matesxtu.es\/es\/wp-content\/uploads\/sites\/2\/2014\/09\/franklin-benjamin-03ES-300x275.png\" data-large-file=\"https:\/\/www.matesxtu.es\/es\/wp-content\/uploads\/sites\/2\/2014\/09\/franklin-benjamin-03ES.png\" class=\"aligncenter size-full wp-image-290\" src=\"https:\/\/www.matesxtu.es\/es\/wp-content\/uploads\/sites\/2\/2014\/09\/franklin-benjamin-03ES.png\" alt=\"franklin-benjamin-03ES\" width=\"480\" height=\"440\" srcset=\"https:\/\/www.matesxtu.es\/es\/wp-content\/uploads\/sites\/2\/2014\/09\/franklin-benjamin-03ES.png 480w, https:\/\/www.matesxtu.es\/es\/wp-content\/uploads\/sites\/2\/2014\/09\/franklin-benjamin-03ES-300x275.png 300w\" sizes=\"auto, (max-width: 480px) 100vw, 480px\" \/><\/a><a href=\"https:\/\/www.matesxtu.es\/es\/wp-content\/uploads\/sites\/2\/2014\/09\/CPA1.png\"><br \/>\n<\/a><\/p>\n","protected":false},"excerpt":{"rendered":"<p>&#8211;\u00a0Nuestro m\u00e9todo tiene como punto central la resoluci\u00f3n de problemas para la ense\u00f1anza de las matem\u00e1ticas. &#8211;\u00a0Es un m\u00e9todo competencial: usa recursos manipulables y visuales para conseguir un aprendizaje m\u00e1s significativo. El alumno comprende el concepto antes que su representaci\u00f3n gr\u00e1fica con n\u00fameros y signos. &#8211;\u00a0Estimula capacidades cognitivas como la capacidad lectora o la comprensi\u00f3n [&hellip;]<\/p>\n","protected":false},"author":1,"featured_media":0,"parent":0,"menu_order":0,"comment_status":"closed","ping_status":"open","template":"page-templates\/full-width.php","meta":{"jetpack_post_was_ever_published":false,"footnotes":""},"class_list":["post-51","page","type-page","status-publish","hentry"],"yoast_head":"<!-- This site is optimized with the Yoast SEO plugin v25.8 - https:\/\/yoast.com\/wordpress\/plugins\/seo\/ -->\n<title>\u00bf C\u00d3MO FUNCIONA ? - MATESxTU educaci\u00f3n<\/title>\n<meta name=\"robots\" content=\"index, follow, max-snippet:-1, max-image-preview:large, max-video-preview:-1\" \/>\n<link rel=\"canonical\" href=\"https:\/\/www.matesxtu.es\/es\/com-funciona\/\" \/>\n<meta property=\"og:locale\" content=\"es_ES\" \/>\n<meta property=\"og:type\" content=\"article\" \/>\n<meta property=\"og:title\" content=\"\u00bf C\u00d3MO FUNCIONA ? - MATESxTU educaci\u00f3n\" \/>\n<meta property=\"og:description\" content=\"&#8211;\u00a0Nuestro m\u00e9todo tiene como punto central la resoluci\u00f3n de problemas para la ense\u00f1anza de las matem\u00e1ticas. &#8211;\u00a0Es un m\u00e9todo competencial: usa recursos manipulables y visuales para conseguir un aprendizaje m\u00e1s significativo. El alumno comprende el concepto antes que su representaci\u00f3n gr\u00e1fica con n\u00fameros y signos. &#8211;\u00a0Estimula capacidades cognitivas como la capacidad lectora o la comprensi\u00f3n [&hellip;]\" \/>\n<meta property=\"og:url\" content=\"https:\/\/www.matesxtu.es\/es\/com-funciona\/\" \/>\n<meta property=\"og:site_name\" content=\"MATESxTU educaci\u00f3n\" \/>\n<meta property=\"article:publisher\" content=\"https:\/\/www.facebook.com\/Matesxtu-1465218103742467\/\" \/>\n<meta property=\"article:modified_time\" content=\"2016-07-05T17:42:13+00:00\" \/>\n<meta property=\"og:image\" content=\"http:\/\/www.matesxtu.es\/es\/wp-content\/uploads\/sites\/2\/2014\/09\/franklin-benjamin-03ES.png\" \/>\n<meta name=\"twitter:card\" content=\"summary_large_image\" \/>\n<meta name=\"twitter:site\" content=\"@elenabarberomxt\" \/>\n<meta name=\"twitter:label1\" content=\"Tiempo de lectura\" \/>\n\t<meta name=\"twitter:data1\" content=\"1 minuto\" \/>\n<script type=\"application\/ld+json\" class=\"yoast-schema-graph\">{\"@context\":\"https:\/\/schema.org\",\"@graph\":[{\"@type\":\"WebPage\",\"@id\":\"https:\/\/www.matesxtu.es\/es\/com-funciona\/\",\"url\":\"https:\/\/www.matesxtu.es\/es\/com-funciona\/\",\"name\":\"\u00bf C\u00d3MO FUNCIONA ? - MATESxTU educaci\u00f3n\",\"isPartOf\":{\"@id\":\"https:\/\/www.matesxtu.es\/es\/#website\"},\"primaryImageOfPage\":{\"@id\":\"https:\/\/www.matesxtu.es\/es\/com-funciona\/#primaryimage\"},\"image\":{\"@id\":\"https:\/\/www.matesxtu.es\/es\/com-funciona\/#primaryimage\"},\"thumbnailUrl\":\"http:\/\/www.matesxtu.es\/es\/wp-content\/uploads\/sites\/2\/2014\/09\/franklin-benjamin-03ES.png\",\"datePublished\":\"2014-09-15T15:20:40+00:00\",\"dateModified\":\"2016-07-05T17:42:13+00:00\",\"breadcrumb\":{\"@id\":\"https:\/\/www.matesxtu.es\/es\/com-funciona\/#breadcrumb\"},\"inLanguage\":\"es\",\"potentialAction\":[{\"@type\":\"ReadAction\",\"target\":[\"https:\/\/www.matesxtu.es\/es\/com-funciona\/\"]}]},{\"@type\":\"ImageObject\",\"inLanguage\":\"es\",\"@id\":\"https:\/\/www.matesxtu.es\/es\/com-funciona\/#primaryimage\",\"url\":\"https:\/\/www.matesxtu.es\/es\/wp-content\/uploads\/sites\/2\/2014\/09\/franklin-benjamin-03ES.png\",\"contentUrl\":\"https:\/\/www.matesxtu.es\/es\/wp-content\/uploads\/sites\/2\/2014\/09\/franklin-benjamin-03ES.png\",\"width\":480,\"height\":440},{\"@type\":\"BreadcrumbList\",\"@id\":\"https:\/\/www.matesxtu.es\/es\/com-funciona\/#breadcrumb\",\"itemListElement\":[{\"@type\":\"ListItem\",\"position\":1,\"name\":\"Inici\",\"item\":\"https:\/\/www.matesxtu.es\/es\/\"},{\"@type\":\"ListItem\",\"position\":2,\"name\":\"\u00bf C\u00d3MO FUNCIONA ?\"}]},{\"@type\":\"WebSite\",\"@id\":\"https:\/\/www.matesxtu.es\/es\/#website\",\"url\":\"https:\/\/www.matesxtu.es\/es\/\",\"name\":\"MATESxTU educaci\u00f3n\",\"description\":\"MATESxTU  = + x TODOS\",\"publisher\":{\"@id\":\"https:\/\/www.matesxtu.es\/es\/#organization\"},\"potentialAction\":[{\"@type\":\"SearchAction\",\"target\":{\"@type\":\"EntryPoint\",\"urlTemplate\":\"https:\/\/www.matesxtu.es\/es\/?s={search_term_string}\"},\"query-input\":{\"@type\":\"PropertyValueSpecification\",\"valueRequired\":true,\"valueName\":\"search_term_string\"}}],\"inLanguage\":\"es\"},{\"@type\":\"Organization\",\"@id\":\"https:\/\/www.matesxtu.es\/es\/#organization\",\"name\":\"MATESxTU Academia de matematicas\",\"url\":\"https:\/\/www.matesxtu.es\/es\/\",\"logo\":{\"@type\":\"ImageObject\",\"inLanguage\":\"es\",\"@id\":\"https:\/\/www.matesxtu.es\/es\/#\/schema\/logo\/image\/\",\"url\":\"https:\/\/www.matesxtu.es\/es\/wp-content\/uploads\/sites\/2\/2021\/02\/logo_matesxtu_A4-2-e1612497302468.png\",\"contentUrl\":\"https:\/\/www.matesxtu.es\/es\/wp-content\/uploads\/sites\/2\/2021\/02\/logo_matesxtu_A4-2-e1612497302468.png\",\"width\":588,\"height\":499,\"caption\":\"MATESxTU Academia de matematicas\"},\"image\":{\"@id\":\"https:\/\/www.matesxtu.es\/es\/#\/schema\/logo\/image\/\"},\"sameAs\":[\"https:\/\/www.facebook.com\/Matesxtu-1465218103742467\/\",\"https:\/\/x.com\/elenabarberomxt\",\"https:\/\/www.instagram.com\/matesxtu\/\",\"https:\/\/www.linkedin.com\/in\/elena-barbero-revert\u00e9-aa8a4160\/\",\"https:\/\/www.youtube.com\/channel\/UCYS6kEJxsS2mT6VGEkNFOFQ\"]}]}<\/script>\n<!-- \/ Yoast SEO plugin. -->","yoast_head_json":{"title":"\u00bf C\u00d3MO FUNCIONA ? - MATESxTU educaci\u00f3n","robots":{"index":"index","follow":"follow","max-snippet":"max-snippet:-1","max-image-preview":"max-image-preview:large","max-video-preview":"max-video-preview:-1"},"canonical":"https:\/\/www.matesxtu.es\/es\/com-funciona\/","og_locale":"es_ES","og_type":"article","og_title":"\u00bf C\u00d3MO FUNCIONA ? - MATESxTU educaci\u00f3n","og_description":"&#8211;\u00a0Nuestro m\u00e9todo tiene como punto central la resoluci\u00f3n de problemas para la ense\u00f1anza de las matem\u00e1ticas. &#8211;\u00a0Es un m\u00e9todo competencial: usa recursos manipulables y visuales para conseguir un aprendizaje m\u00e1s significativo. El alumno comprende el concepto antes que su representaci\u00f3n gr\u00e1fica con n\u00fameros y signos. &#8211;\u00a0Estimula capacidades cognitivas como la capacidad lectora o la comprensi\u00f3n [&hellip;]","og_url":"https:\/\/www.matesxtu.es\/es\/com-funciona\/","og_site_name":"MATESxTU educaci\u00f3n","article_publisher":"https:\/\/www.facebook.com\/Matesxtu-1465218103742467\/","article_modified_time":"2016-07-05T17:42:13+00:00","og_image":[{"url":"http:\/\/www.matesxtu.es\/es\/wp-content\/uploads\/sites\/2\/2014\/09\/franklin-benjamin-03ES.png","type":"","width":"","height":""}],"twitter_card":"summary_large_image","twitter_site":"@elenabarberomxt","twitter_misc":{"Tiempo de lectura":"1 minuto"},"schema":{"@context":"https:\/\/schema.org","@graph":[{"@type":"WebPage","@id":"https:\/\/www.matesxtu.es\/es\/com-funciona\/","url":"https:\/\/www.matesxtu.es\/es\/com-funciona\/","name":"\u00bf C\u00d3MO FUNCIONA ? - MATESxTU educaci\u00f3n","isPartOf":{"@id":"https:\/\/www.matesxtu.es\/es\/#website"},"primaryImageOfPage":{"@id":"https:\/\/www.matesxtu.es\/es\/com-funciona\/#primaryimage"},"image":{"@id":"https:\/\/www.matesxtu.es\/es\/com-funciona\/#primaryimage"},"thumbnailUrl":"http:\/\/www.matesxtu.es\/es\/wp-content\/uploads\/sites\/2\/2014\/09\/franklin-benjamin-03ES.png","datePublished":"2014-09-15T15:20:40+00:00","dateModified":"2016-07-05T17:42:13+00:00","breadcrumb":{"@id":"https:\/\/www.matesxtu.es\/es\/com-funciona\/#breadcrumb"},"inLanguage":"es","potentialAction":[{"@type":"ReadAction","target":["https:\/\/www.matesxtu.es\/es\/com-funciona\/"]}]},{"@type":"ImageObject","inLanguage":"es","@id":"https:\/\/www.matesxtu.es\/es\/com-funciona\/#primaryimage","url":"https:\/\/www.matesxtu.es\/es\/wp-content\/uploads\/sites\/2\/2014\/09\/franklin-benjamin-03ES.png","contentUrl":"https:\/\/www.matesxtu.es\/es\/wp-content\/uploads\/sites\/2\/2014\/09\/franklin-benjamin-03ES.png","width":480,"height":440},{"@type":"BreadcrumbList","@id":"https:\/\/www.matesxtu.es\/es\/com-funciona\/#breadcrumb","itemListElement":[{"@type":"ListItem","position":1,"name":"Inici","item":"https:\/\/www.matesxtu.es\/es\/"},{"@type":"ListItem","position":2,"name":"\u00bf C\u00d3MO FUNCIONA ?"}]},{"@type":"WebSite","@id":"https:\/\/www.matesxtu.es\/es\/#website","url":"https:\/\/www.matesxtu.es\/es\/","name":"MATESxTU educaci\u00f3n","description":"MATESxTU  = + x TODOS","publisher":{"@id":"https:\/\/www.matesxtu.es\/es\/#organization"},"potentialAction":[{"@type":"SearchAction","target":{"@type":"EntryPoint","urlTemplate":"https:\/\/www.matesxtu.es\/es\/?s={search_term_string}"},"query-input":{"@type":"PropertyValueSpecification","valueRequired":true,"valueName":"search_term_string"}}],"inLanguage":"es"},{"@type":"Organization","@id":"https:\/\/www.matesxtu.es\/es\/#organization","name":"MATESxTU Academia de matematicas","url":"https:\/\/www.matesxtu.es\/es\/","logo":{"@type":"ImageObject","inLanguage":"es","@id":"https:\/\/www.matesxtu.es\/es\/#\/schema\/logo\/image\/","url":"https:\/\/www.matesxtu.es\/es\/wp-content\/uploads\/sites\/2\/2021\/02\/logo_matesxtu_A4-2-e1612497302468.png","contentUrl":"https:\/\/www.matesxtu.es\/es\/wp-content\/uploads\/sites\/2\/2021\/02\/logo_matesxtu_A4-2-e1612497302468.png","width":588,"height":499,"caption":"MATESxTU Academia de matematicas"},"image":{"@id":"https:\/\/www.matesxtu.es\/es\/#\/schema\/logo\/image\/"},"sameAs":["https:\/\/www.facebook.com\/Matesxtu-1465218103742467\/","https:\/\/x.com\/elenabarberomxt","https:\/\/www.instagram.com\/matesxtu\/","https:\/\/www.linkedin.com\/in\/elena-barbero-revert\u00e9-aa8a4160\/","https:\/\/www.youtube.com\/channel\/UCYS6kEJxsS2mT6VGEkNFOFQ"]}]}},"jetpack_sharing_enabled":true,"_links":{"self":[{"href":"https:\/\/www.matesxtu.es\/es\/wp-json\/wp\/v2\/pages\/51","targetHints":{"allow":["GET"]}}],"collection":[{"href":"https:\/\/www.matesxtu.es\/es\/wp-json\/wp\/v2\/pages"}],"about":[{"href":"https:\/\/www.matesxtu.es\/es\/wp-json\/wp\/v2\/types\/page"}],"author":[{"embeddable":true,"href":"https:\/\/www.matesxtu.es\/es\/wp-json\/wp\/v2\/users\/1"}],"replies":[{"embeddable":true,"href":"https:\/\/www.matesxtu.es\/es\/wp-json\/wp\/v2\/comments?post=51"}],"version-history":[{"count":11,"href":"https:\/\/www.matesxtu.es\/es\/wp-json\/wp\/v2\/pages\/51\/revisions"}],"predecessor-version":[{"id":653,"href":"https:\/\/www.matesxtu.es\/es\/wp-json\/wp\/v2\/pages\/51\/revisions\/653"}],"wp:attachment":[{"href":"https:\/\/www.matesxtu.es\/es\/wp-json\/wp\/v2\/media?parent=51"}],"curies":[{"name":"wp","href":"https:\/\/api.w.org\/{rel}","templated":true}]}}