{"id":48,"date":"2014-09-15T15:19:33","date_gmt":"2014-09-15T15:19:33","guid":{"rendered":"http:\/\/www.matesxtu.es\/es\/?page_id=48"},"modified":"2016-07-05T18:40:49","modified_gmt":"2016-07-05T17:40:49","slug":"origen-2","status":"publish","type":"page","link":"https:\/\/www.matesxtu.es\/es\/origen-2\/","title":{"rendered":"RESULTADOS PISA"},"content":{"rendered":"<p><a href=\"https:\/\/www.matesxtu.es\/es\/wp-content\/uploads\/sites\/2\/2014\/09\/PISAchart-e1386034797861.jpg\"><img loading=\"lazy\" decoding=\"async\" data-attachment-id=\"142\" data-permalink=\"https:\/\/www.matesxtu.es\/es\/origen-2\/pisachart-e1386034797861\/\" data-orig-file=\"https:\/\/www.matesxtu.es\/es\/wp-content\/uploads\/sites\/2\/2014\/09\/PISAchart-e1386034797861.jpg\" data-orig-size=\"600,412\" data-comments-opened=\"1\" data-image-meta=\"{&quot;aperture&quot;:&quot;0&quot;,&quot;credit&quot;:&quot;&quot;,&quot;camera&quot;:&quot;&quot;,&quot;caption&quot;:&quot;&quot;,&quot;created_timestamp&quot;:&quot;0&quot;,&quot;copyright&quot;:&quot;&quot;,&quot;focal_length&quot;:&quot;0&quot;,&quot;iso&quot;:&quot;0&quot;,&quot;shutter_speed&quot;:&quot;0&quot;,&quot;title&quot;:&quot;&quot;}\" data-image-title=\"PISAchart-e1386034797861\" data-image-description=\"\" data-image-caption=\"\" data-medium-file=\"https:\/\/www.matesxtu.es\/es\/wp-content\/uploads\/sites\/2\/2014\/09\/PISAchart-e1386034797861-300x206.jpg\" data-large-file=\"https:\/\/www.matesxtu.es\/es\/wp-content\/uploads\/sites\/2\/2014\/09\/PISAchart-e1386034797861.jpg\" class=\"aligncenter size-thumbnail wp-image-142\" src=\"https:\/\/www.matesxtu.es\/es\/wp-content\/uploads\/sites\/2\/2014\/09\/PISAchart-e1386034797861-150x150.jpg\" alt=\"PISAchart-e1386034797861\" width=\"150\" height=\"150\" \/><\/a><\/p>\n<p>Program of International Students Assessments, estos informes que eval\u00faan a los estudiantes de los pa\u00edses de la OCDE (Organizaci\u00f3n para la Cooperaci\u00f3n y el Desarrollo Econ\u00f3mico) iniciaron su andadura en el a\u00f1o 2000. Cada trienio se realizan pruebas estandarizadas a estudiantes de 15 a\u00f1os. Los resultados del 2012 se publicaron en 2013.<\/p>\n<p>Una cr\u00edtica habitual a los informes PISA es que eval\u00faan las capacidades en lugar de los conocimientos, que sus resultados est\u00e1n m\u00e1s ligados a la capacidad de razonar que a los contenidos de los curr\u00edculums de las escuelas. Por este motivo los pa\u00edses que basan su ense\u00f1anza en el razonamiento y la comprensi\u00f3n, m\u00e1s que en la memorizaci\u00f3n, se encuentra en las mejores posiciones.<\/p>\n<p>Los resultados completos se encuentran en este <a href=\"http:\/\/en.wikipedia.org\/wiki\/Programme_for_International_Student_Assessment\" target=\"_blank\">enlace<\/a>.<\/p>\n<p>&nbsp;<\/p>\n<p>&nbsp;<\/p>\n","protected":false},"excerpt":{"rendered":"<p>Program of International Students Assessments, estos informes que eval\u00faan a los estudiantes de los pa\u00edses de la OCDE (Organizaci\u00f3n para la Cooperaci\u00f3n y el Desarrollo Econ\u00f3mico) iniciaron su andadura en el a\u00f1o 2000. Cada trienio se realizan pruebas estandarizadas a estudiantes de 15 a\u00f1os. Los resultados del 2012 se publicaron en 2013. Una cr\u00edtica habitual [&hellip;]<\/p>\n","protected":false},"author":1,"featured_media":0,"parent":0,"menu_order":0,"comment_status":"closed","ping_status":"open","template":"page-templates\/full-width.php","meta":{"jetpack_post_was_ever_published":false,"footnotes":""},"class_list":["post-48","page","type-page","status-publish","hentry"],"yoast_head":"<!-- This site is optimized with the Yoast SEO plugin v25.8 - https:\/\/yoast.com\/wordpress\/plugins\/seo\/ -->\n<title>RESULTADOS PISA - MATESxTU educaci\u00f3n<\/title>\n<meta name=\"robots\" content=\"index, follow, max-snippet:-1, max-image-preview:large, max-video-preview:-1\" \/>\n<link rel=\"canonical\" href=\"https:\/\/www.matesxtu.es\/es\/origen-2\/\" \/>\n<meta property=\"og:locale\" content=\"es_ES\" \/>\n<meta property=\"og:type\" content=\"article\" \/>\n<meta property=\"og:title\" content=\"RESULTADOS PISA - MATESxTU educaci\u00f3n\" \/>\n<meta property=\"og:description\" content=\"Program of International Students Assessments, estos informes que eval\u00faan a los estudiantes de los pa\u00edses de la OCDE (Organizaci\u00f3n para la Cooperaci\u00f3n y el Desarrollo Econ\u00f3mico) iniciaron su andadura en el a\u00f1o 2000. Cada trienio se realizan pruebas estandarizadas a estudiantes de 15 a\u00f1os. Los resultados del 2012 se publicaron en 2013. Una cr\u00edtica habitual [&hellip;]\" \/>\n<meta property=\"og:url\" content=\"https:\/\/www.matesxtu.es\/es\/origen-2\/\" \/>\n<meta property=\"og:site_name\" content=\"MATESxTU educaci\u00f3n\" \/>\n<meta property=\"article:publisher\" content=\"https:\/\/www.facebook.com\/Matesxtu-1465218103742467\/\" \/>\n<meta property=\"article:modified_time\" content=\"2016-07-05T17:40:49+00:00\" \/>\n<meta property=\"og:image\" content=\"http:\/\/www.matesxtu.es\/es\/wp-content\/uploads\/sites\/2\/2014\/09\/PISAchart-e1386034797861-150x150.jpg\" \/>\n<meta name=\"twitter:card\" content=\"summary_large_image\" \/>\n<meta name=\"twitter:site\" content=\"@elenabarberomxt\" \/>\n<meta name=\"twitter:label1\" content=\"Tiempo de lectura\" \/>\n\t<meta name=\"twitter:data1\" content=\"1 minuto\" \/>\n<script type=\"application\/ld+json\" class=\"yoast-schema-graph\">{\"@context\":\"https:\/\/schema.org\",\"@graph\":[{\"@type\":\"WebPage\",\"@id\":\"https:\/\/www.matesxtu.es\/es\/origen-2\/\",\"url\":\"https:\/\/www.matesxtu.es\/es\/origen-2\/\",\"name\":\"RESULTADOS PISA - MATESxTU educaci\u00f3n\",\"isPartOf\":{\"@id\":\"https:\/\/www.matesxtu.es\/es\/#website\"},\"primaryImageOfPage\":{\"@id\":\"https:\/\/www.matesxtu.es\/es\/origen-2\/#primaryimage\"},\"image\":{\"@id\":\"https:\/\/www.matesxtu.es\/es\/origen-2\/#primaryimage\"},\"thumbnailUrl\":\"http:\/\/www.matesxtu.es\/es\/wp-content\/uploads\/sites\/2\/2014\/09\/PISAchart-e1386034797861-150x150.jpg\",\"datePublished\":\"2014-09-15T15:19:33+00:00\",\"dateModified\":\"2016-07-05T17:40:49+00:00\",\"breadcrumb\":{\"@id\":\"https:\/\/www.matesxtu.es\/es\/origen-2\/#breadcrumb\"},\"inLanguage\":\"es\",\"potentialAction\":[{\"@type\":\"ReadAction\",\"target\":[\"https:\/\/www.matesxtu.es\/es\/origen-2\/\"]}]},{\"@type\":\"ImageObject\",\"inLanguage\":\"es\",\"@id\":\"https:\/\/www.matesxtu.es\/es\/origen-2\/#primaryimage\",\"url\":\"https:\/\/www.matesxtu.es\/es\/wp-content\/uploads\/sites\/2\/2014\/09\/PISAchart-e1386034797861.jpg\",\"contentUrl\":\"https:\/\/www.matesxtu.es\/es\/wp-content\/uploads\/sites\/2\/2014\/09\/PISAchart-e1386034797861.jpg\",\"width\":600,\"height\":412},{\"@type\":\"BreadcrumbList\",\"@id\":\"https:\/\/www.matesxtu.es\/es\/origen-2\/#breadcrumb\",\"itemListElement\":[{\"@type\":\"ListItem\",\"position\":1,\"name\":\"Inici\",\"item\":\"https:\/\/www.matesxtu.es\/es\/\"},{\"@type\":\"ListItem\",\"position\":2,\"name\":\"RESULTADOS PISA\"}]},{\"@type\":\"WebSite\",\"@id\":\"https:\/\/www.matesxtu.es\/es\/#website\",\"url\":\"https:\/\/www.matesxtu.es\/es\/\",\"name\":\"MATESxTU educaci\u00f3n\",\"description\":\"MATESxTU  = + x TODOS\",\"publisher\":{\"@id\":\"https:\/\/www.matesxtu.es\/es\/#organization\"},\"potentialAction\":[{\"@type\":\"SearchAction\",\"target\":{\"@type\":\"EntryPoint\",\"urlTemplate\":\"https:\/\/www.matesxtu.es\/es\/?s={search_term_string}\"},\"query-input\":{\"@type\":\"PropertyValueSpecification\",\"valueRequired\":true,\"valueName\":\"search_term_string\"}}],\"inLanguage\":\"es\"},{\"@type\":\"Organization\",\"@id\":\"https:\/\/www.matesxtu.es\/es\/#organization\",\"name\":\"MATESxTU Academia de matematicas\",\"url\":\"https:\/\/www.matesxtu.es\/es\/\",\"logo\":{\"@type\":\"ImageObject\",\"inLanguage\":\"es\",\"@id\":\"https:\/\/www.matesxtu.es\/es\/#\/schema\/logo\/image\/\",\"url\":\"https:\/\/www.matesxtu.es\/es\/wp-content\/uploads\/sites\/2\/2021\/02\/logo_matesxtu_A4-2-e1612497302468.png\",\"contentUrl\":\"https:\/\/www.matesxtu.es\/es\/wp-content\/uploads\/sites\/2\/2021\/02\/logo_matesxtu_A4-2-e1612497302468.png\",\"width\":588,\"height\":499,\"caption\":\"MATESxTU Academia de matematicas\"},\"image\":{\"@id\":\"https:\/\/www.matesxtu.es\/es\/#\/schema\/logo\/image\/\"},\"sameAs\":[\"https:\/\/www.facebook.com\/Matesxtu-1465218103742467\/\",\"https:\/\/x.com\/elenabarberomxt\",\"https:\/\/www.instagram.com\/matesxtu\/\",\"https:\/\/www.linkedin.com\/in\/elena-barbero-revert\u00e9-aa8a4160\/\",\"https:\/\/www.youtube.com\/channel\/UCYS6kEJxsS2mT6VGEkNFOFQ\"]}]}<\/script>\n<!-- \/ Yoast SEO plugin. -->","yoast_head_json":{"title":"RESULTADOS PISA - MATESxTU educaci\u00f3n","robots":{"index":"index","follow":"follow","max-snippet":"max-snippet:-1","max-image-preview":"max-image-preview:large","max-video-preview":"max-video-preview:-1"},"canonical":"https:\/\/www.matesxtu.es\/es\/origen-2\/","og_locale":"es_ES","og_type":"article","og_title":"RESULTADOS PISA - MATESxTU educaci\u00f3n","og_description":"Program of International Students Assessments, estos informes que eval\u00faan a los estudiantes de los pa\u00edses de la OCDE (Organizaci\u00f3n para la Cooperaci\u00f3n y el Desarrollo Econ\u00f3mico) iniciaron su andadura en el a\u00f1o 2000. Cada trienio se realizan pruebas estandarizadas a estudiantes de 15 a\u00f1os. Los resultados del 2012 se publicaron en 2013. Una cr\u00edtica habitual [&hellip;]","og_url":"https:\/\/www.matesxtu.es\/es\/origen-2\/","og_site_name":"MATESxTU educaci\u00f3n","article_publisher":"https:\/\/www.facebook.com\/Matesxtu-1465218103742467\/","article_modified_time":"2016-07-05T17:40:49+00:00","og_image":[{"url":"http:\/\/www.matesxtu.es\/es\/wp-content\/uploads\/sites\/2\/2014\/09\/PISAchart-e1386034797861-150x150.jpg","type":"","width":"","height":""}],"twitter_card":"summary_large_image","twitter_site":"@elenabarberomxt","twitter_misc":{"Tiempo de lectura":"1 minuto"},"schema":{"@context":"https:\/\/schema.org","@graph":[{"@type":"WebPage","@id":"https:\/\/www.matesxtu.es\/es\/origen-2\/","url":"https:\/\/www.matesxtu.es\/es\/origen-2\/","name":"RESULTADOS PISA - MATESxTU educaci\u00f3n","isPartOf":{"@id":"https:\/\/www.matesxtu.es\/es\/#website"},"primaryImageOfPage":{"@id":"https:\/\/www.matesxtu.es\/es\/origen-2\/#primaryimage"},"image":{"@id":"https:\/\/www.matesxtu.es\/es\/origen-2\/#primaryimage"},"thumbnailUrl":"http:\/\/www.matesxtu.es\/es\/wp-content\/uploads\/sites\/2\/2014\/09\/PISAchart-e1386034797861-150x150.jpg","datePublished":"2014-09-15T15:19:33+00:00","dateModified":"2016-07-05T17:40:49+00:00","breadcrumb":{"@id":"https:\/\/www.matesxtu.es\/es\/origen-2\/#breadcrumb"},"inLanguage":"es","potentialAction":[{"@type":"ReadAction","target":["https:\/\/www.matesxtu.es\/es\/origen-2\/"]}]},{"@type":"ImageObject","inLanguage":"es","@id":"https:\/\/www.matesxtu.es\/es\/origen-2\/#primaryimage","url":"https:\/\/www.matesxtu.es\/es\/wp-content\/uploads\/sites\/2\/2014\/09\/PISAchart-e1386034797861.jpg","contentUrl":"https:\/\/www.matesxtu.es\/es\/wp-content\/uploads\/sites\/2\/2014\/09\/PISAchart-e1386034797861.jpg","width":600,"height":412},{"@type":"BreadcrumbList","@id":"https:\/\/www.matesxtu.es\/es\/origen-2\/#breadcrumb","itemListElement":[{"@type":"ListItem","position":1,"name":"Inici","item":"https:\/\/www.matesxtu.es\/es\/"},{"@type":"ListItem","position":2,"name":"RESULTADOS PISA"}]},{"@type":"WebSite","@id":"https:\/\/www.matesxtu.es\/es\/#website","url":"https:\/\/www.matesxtu.es\/es\/","name":"MATESxTU educaci\u00f3n","description":"MATESxTU  = + x TODOS","publisher":{"@id":"https:\/\/www.matesxtu.es\/es\/#organization"},"potentialAction":[{"@type":"SearchAction","target":{"@type":"EntryPoint","urlTemplate":"https:\/\/www.matesxtu.es\/es\/?s={search_term_string}"},"query-input":{"@type":"PropertyValueSpecification","valueRequired":true,"valueName":"search_term_string"}}],"inLanguage":"es"},{"@type":"Organization","@id":"https:\/\/www.matesxtu.es\/es\/#organization","name":"MATESxTU Academia de matematicas","url":"https:\/\/www.matesxtu.es\/es\/","logo":{"@type":"ImageObject","inLanguage":"es","@id":"https:\/\/www.matesxtu.es\/es\/#\/schema\/logo\/image\/","url":"https:\/\/www.matesxtu.es\/es\/wp-content\/uploads\/sites\/2\/2021\/02\/logo_matesxtu_A4-2-e1612497302468.png","contentUrl":"https:\/\/www.matesxtu.es\/es\/wp-content\/uploads\/sites\/2\/2021\/02\/logo_matesxtu_A4-2-e1612497302468.png","width":588,"height":499,"caption":"MATESxTU Academia de matematicas"},"image":{"@id":"https:\/\/www.matesxtu.es\/es\/#\/schema\/logo\/image\/"},"sameAs":["https:\/\/www.facebook.com\/Matesxtu-1465218103742467\/","https:\/\/x.com\/elenabarberomxt","https:\/\/www.instagram.com\/matesxtu\/","https:\/\/www.linkedin.com\/in\/elena-barbero-revert\u00e9-aa8a4160\/","https:\/\/www.youtube.com\/channel\/UCYS6kEJxsS2mT6VGEkNFOFQ"]}]}},"jetpack_sharing_enabled":true,"_links":{"self":[{"href":"https:\/\/www.matesxtu.es\/es\/wp-json\/wp\/v2\/pages\/48","targetHints":{"allow":["GET"]}}],"collection":[{"href":"https:\/\/www.matesxtu.es\/es\/wp-json\/wp\/v2\/pages"}],"about":[{"href":"https:\/\/www.matesxtu.es\/es\/wp-json\/wp\/v2\/types\/page"}],"author":[{"embeddable":true,"href":"https:\/\/www.matesxtu.es\/es\/wp-json\/wp\/v2\/users\/1"}],"replies":[{"embeddable":true,"href":"https:\/\/www.matesxtu.es\/es\/wp-json\/wp\/v2\/comments?post=48"}],"version-history":[{"count":11,"href":"https:\/\/www.matesxtu.es\/es\/wp-json\/wp\/v2\/pages\/48\/revisions"}],"predecessor-version":[{"id":652,"href":"https:\/\/www.matesxtu.es\/es\/wp-json\/wp\/v2\/pages\/48\/revisions\/652"}],"wp:attachment":[{"href":"https:\/\/www.matesxtu.es\/es\/wp-json\/wp\/v2\/media?parent=48"}],"curies":[{"name":"wp","href":"https:\/\/api.w.org\/{rel}","templated":true}]}}