{"id":46,"date":"2014-09-15T15:19:12","date_gmt":"2014-09-15T15:19:12","guid":{"rendered":"http:\/\/www.matesxtu.es\/es\/?page_id=46"},"modified":"2021-02-04T23:57:06","modified_gmt":"2021-02-04T22:57:06","slug":"que-es-singapur-maths","status":"publish","type":"page","link":"https:\/\/www.matesxtu.es\/es\/que-es-singapur-maths\/","title":{"rendered":"\u00bf QU\u00c9 ES ?"},"content":{"rendered":"<p>M\u00e9todo de aprendizaje de matem\u00e1ticas basado en la resoluci\u00f3n de problemas. El alumno llega a las conclusiones s\u00f3lo, con la gu\u00eda del profesor. Este m\u00e9todo :<\/p>\n<p>&#8211; Fomenta la comprensi\u00f3n profunda de los problemas.<\/p>\n<p>&#8211;\u00a0Incentiva el pensamiento l\u00f3gico.<\/p>\n<p>&#8211;\u00a0Ayuda a desarrollar la creatividad matem\u00e1tica.<\/p>\n<p>&#8211;\u00a0Acerca las matem\u00e1ticas a los estudiantes de una manera divertida, desafiante y motivadora.<\/p>\n<p>&#8211;\u00a0Crea las bases del razonamiento pr\u00e1ctico y la habilidad esencial de \u201caprender a aprender\u201d.<\/p>\n<p style=\"text-align: center;\"><a href=\"https:\/\/www.matesxtu.es\/es\/wp-content\/uploads\/sites\/2\/2014\/09\/MATESXTU_WEBFOTOS2-9602.jpg\"><img loading=\"lazy\" decoding=\"async\" data-attachment-id=\"150\" data-permalink=\"https:\/\/www.matesxtu.es\/es\/que-es-singapur-maths\/matesxtu_webfotos2-9602\/\" data-orig-file=\"https:\/\/www.matesxtu.es\/es\/wp-content\/uploads\/sites\/2\/2014\/09\/MATESXTU_WEBFOTOS2-9602-e1411287062271.jpg\" data-orig-size=\"817,455\" data-comments-opened=\"1\" data-image-meta=\"{&quot;aperture&quot;:&quot;5.6&quot;,&quot;credit&quot;:&quot;&quot;,&quot;camera&quot;:&quot;NIKON D7000&quot;,&quot;caption&quot;:&quot;&quot;,&quot;created_timestamp&quot;:&quot;1409489277&quot;,&quot;copyright&quot;:&quot;&quot;,&quot;focal_length&quot;:&quot;16&quot;,&quot;iso&quot;:&quot;400&quot;,&quot;shutter_speed&quot;:&quot;0.016666666666667&quot;,&quot;title&quot;:&quot;&quot;}\" data-image-title=\"MATESXTU_WEBFOTOS2-9602\" data-image-description=\"\" data-image-caption=\"\" data-medium-file=\"https:\/\/www.matesxtu.es\/es\/wp-content\/uploads\/sites\/2\/2014\/09\/MATESXTU_WEBFOTOS2-9602-e1411287062271-300x167.jpg\" data-large-file=\"https:\/\/www.matesxtu.es\/es\/wp-content\/uploads\/sites\/2\/2014\/09\/MATESXTU_WEBFOTOS2-9602-1024x678.jpg\" class=\"aligncenter size-large wp-image-150\" src=\"https:\/\/www.matesxtu.es\/es\/wp-content\/uploads\/sites\/2\/2014\/09\/MATESXTU_WEBFOTOS2-9602-1024x678.jpg\" alt=\"MATESXTU_WEBFOTOS2-9602\" width=\"474\" height=\"313\" \/><\/a><\/p>\n","protected":false},"excerpt":{"rendered":"<p>M\u00e9todo de aprendizaje de matem\u00e1ticas basado en la resoluci\u00f3n de problemas. El alumno llega a las conclusiones s\u00f3lo, con la gu\u00eda del profesor. Este m\u00e9todo : &#8211; Fomenta la comprensi\u00f3n profunda de los problemas. &#8211;\u00a0Incentiva el pensamiento l\u00f3gico. &#8211;\u00a0Ayuda a desarrollar la creatividad matem\u00e1tica. &#8211;\u00a0Acerca las matem\u00e1ticas a los estudiantes de una manera divertida, desafiante [&hellip;]<\/p>\n","protected":false},"author":1,"featured_media":0,"parent":0,"menu_order":0,"comment_status":"closed","ping_status":"open","template":"page-templates\/full-width.php","meta":{"jetpack_post_was_ever_published":false,"footnotes":""},"class_list":["post-46","page","type-page","status-publish","hentry"],"yoast_head":"<!-- This site is optimized with the Yoast SEO plugin v25.8 - https:\/\/yoast.com\/wordpress\/plugins\/seo\/ -->\n<title>\u00bf QU\u00c9 ES ? - MATESxTU educaci\u00f3n<\/title>\n<meta name=\"robots\" content=\"index, follow, max-snippet:-1, max-image-preview:large, max-video-preview:-1\" \/>\n<link rel=\"canonical\" href=\"https:\/\/www.matesxtu.es\/es\/que-es-singapur-maths\/\" \/>\n<meta property=\"og:locale\" content=\"es_ES\" \/>\n<meta property=\"og:type\" content=\"article\" \/>\n<meta property=\"og:title\" content=\"\u00bf QU\u00c9 ES ? - MATESxTU educaci\u00f3n\" \/>\n<meta property=\"og:description\" content=\"M\u00e9todo de aprendizaje de matem\u00e1ticas basado en la resoluci\u00f3n de problemas. El alumno llega a las conclusiones s\u00f3lo, con la gu\u00eda del profesor. Este m\u00e9todo : &#8211; Fomenta la comprensi\u00f3n profunda de los problemas. &#8211;\u00a0Incentiva el pensamiento l\u00f3gico. &#8211;\u00a0Ayuda a desarrollar la creatividad matem\u00e1tica. &#8211;\u00a0Acerca las matem\u00e1ticas a los estudiantes de una manera divertida, desafiante [&hellip;]\" \/>\n<meta property=\"og:url\" content=\"https:\/\/www.matesxtu.es\/es\/que-es-singapur-maths\/\" \/>\n<meta property=\"og:site_name\" content=\"MATESxTU educaci\u00f3n\" \/>\n<meta property=\"article:publisher\" content=\"https:\/\/www.facebook.com\/Matesxtu-1465218103742467\/\" \/>\n<meta property=\"article:modified_time\" content=\"2021-02-04T22:57:06+00:00\" \/>\n<meta property=\"og:image\" content=\"http:\/\/www.matesxtu.es\/es\/wp-content\/uploads\/sites\/2\/2014\/09\/MATESXTU_WEBFOTOS2-9602-1024x678.jpg\" \/>\n<meta name=\"twitter:card\" content=\"summary_large_image\" \/>\n<meta name=\"twitter:site\" content=\"@elenabarberomxt\" \/>\n<script type=\"application\/ld+json\" class=\"yoast-schema-graph\">{\"@context\":\"https:\/\/schema.org\",\"@graph\":[{\"@type\":\"WebPage\",\"@id\":\"https:\/\/www.matesxtu.es\/es\/que-es-singapur-maths\/\",\"url\":\"https:\/\/www.matesxtu.es\/es\/que-es-singapur-maths\/\",\"name\":\"\u00bf QU\u00c9 ES ? - MATESxTU educaci\u00f3n\",\"isPartOf\":{\"@id\":\"https:\/\/www.matesxtu.es\/es\/#website\"},\"primaryImageOfPage\":{\"@id\":\"https:\/\/www.matesxtu.es\/es\/que-es-singapur-maths\/#primaryimage\"},\"image\":{\"@id\":\"https:\/\/www.matesxtu.es\/es\/que-es-singapur-maths\/#primaryimage\"},\"thumbnailUrl\":\"http:\/\/www.matesxtu.es\/es\/wp-content\/uploads\/sites\/2\/2014\/09\/MATESXTU_WEBFOTOS2-9602-1024x678.jpg\",\"datePublished\":\"2014-09-15T15:19:12+00:00\",\"dateModified\":\"2021-02-04T22:57:06+00:00\",\"breadcrumb\":{\"@id\":\"https:\/\/www.matesxtu.es\/es\/que-es-singapur-maths\/#breadcrumb\"},\"inLanguage\":\"es\",\"potentialAction\":[{\"@type\":\"ReadAction\",\"target\":[\"https:\/\/www.matesxtu.es\/es\/que-es-singapur-maths\/\"]}]},{\"@type\":\"ImageObject\",\"inLanguage\":\"es\",\"@id\":\"https:\/\/www.matesxtu.es\/es\/que-es-singapur-maths\/#primaryimage\",\"url\":\"http:\/\/www.matesxtu.es\/es\/wp-content\/uploads\/sites\/2\/2014\/09\/MATESXTU_WEBFOTOS2-9602-1024x678.jpg\",\"contentUrl\":\"http:\/\/www.matesxtu.es\/es\/wp-content\/uploads\/sites\/2\/2014\/09\/MATESXTU_WEBFOTOS2-9602-1024x678.jpg\"},{\"@type\":\"BreadcrumbList\",\"@id\":\"https:\/\/www.matesxtu.es\/es\/que-es-singapur-maths\/#breadcrumb\",\"itemListElement\":[{\"@type\":\"ListItem\",\"position\":1,\"name\":\"Inici\",\"item\":\"https:\/\/www.matesxtu.es\/es\/\"},{\"@type\":\"ListItem\",\"position\":2,\"name\":\"\u00bf QU\u00c9 ES ?\"}]},{\"@type\":\"WebSite\",\"@id\":\"https:\/\/www.matesxtu.es\/es\/#website\",\"url\":\"https:\/\/www.matesxtu.es\/es\/\",\"name\":\"MATESxTU educaci\u00f3n\",\"description\":\"MATESxTU  = + x TODOS\",\"publisher\":{\"@id\":\"https:\/\/www.matesxtu.es\/es\/#organization\"},\"potentialAction\":[{\"@type\":\"SearchAction\",\"target\":{\"@type\":\"EntryPoint\",\"urlTemplate\":\"https:\/\/www.matesxtu.es\/es\/?s={search_term_string}\"},\"query-input\":{\"@type\":\"PropertyValueSpecification\",\"valueRequired\":true,\"valueName\":\"search_term_string\"}}],\"inLanguage\":\"es\"},{\"@type\":\"Organization\",\"@id\":\"https:\/\/www.matesxtu.es\/es\/#organization\",\"name\":\"MATESxTU Academia de matematicas\",\"url\":\"https:\/\/www.matesxtu.es\/es\/\",\"logo\":{\"@type\":\"ImageObject\",\"inLanguage\":\"es\",\"@id\":\"https:\/\/www.matesxtu.es\/es\/#\/schema\/logo\/image\/\",\"url\":\"https:\/\/www.matesxtu.es\/es\/wp-content\/uploads\/sites\/2\/2021\/02\/logo_matesxtu_A4-2-e1612497302468.png\",\"contentUrl\":\"https:\/\/www.matesxtu.es\/es\/wp-content\/uploads\/sites\/2\/2021\/02\/logo_matesxtu_A4-2-e1612497302468.png\",\"width\":588,\"height\":499,\"caption\":\"MATESxTU Academia de matematicas\"},\"image\":{\"@id\":\"https:\/\/www.matesxtu.es\/es\/#\/schema\/logo\/image\/\"},\"sameAs\":[\"https:\/\/www.facebook.com\/Matesxtu-1465218103742467\/\",\"https:\/\/x.com\/elenabarberomxt\",\"https:\/\/www.instagram.com\/matesxtu\/\",\"https:\/\/www.linkedin.com\/in\/elena-barbero-revert\u00e9-aa8a4160\/\",\"https:\/\/www.youtube.com\/channel\/UCYS6kEJxsS2mT6VGEkNFOFQ\"]}]}<\/script>\n<!-- \/ Yoast SEO plugin. -->","yoast_head_json":{"title":"\u00bf QU\u00c9 ES ? - MATESxTU educaci\u00f3n","robots":{"index":"index","follow":"follow","max-snippet":"max-snippet:-1","max-image-preview":"max-image-preview:large","max-video-preview":"max-video-preview:-1"},"canonical":"https:\/\/www.matesxtu.es\/es\/que-es-singapur-maths\/","og_locale":"es_ES","og_type":"article","og_title":"\u00bf QU\u00c9 ES ? - MATESxTU educaci\u00f3n","og_description":"M\u00e9todo de aprendizaje de matem\u00e1ticas basado en la resoluci\u00f3n de problemas. El alumno llega a las conclusiones s\u00f3lo, con la gu\u00eda del profesor. Este m\u00e9todo : &#8211; Fomenta la comprensi\u00f3n profunda de los problemas. &#8211;\u00a0Incentiva el pensamiento l\u00f3gico. &#8211;\u00a0Ayuda a desarrollar la creatividad matem\u00e1tica. &#8211;\u00a0Acerca las matem\u00e1ticas a los estudiantes de una manera divertida, desafiante [&hellip;]","og_url":"https:\/\/www.matesxtu.es\/es\/que-es-singapur-maths\/","og_site_name":"MATESxTU educaci\u00f3n","article_publisher":"https:\/\/www.facebook.com\/Matesxtu-1465218103742467\/","article_modified_time":"2021-02-04T22:57:06+00:00","og_image":[{"url":"http:\/\/www.matesxtu.es\/es\/wp-content\/uploads\/sites\/2\/2014\/09\/MATESXTU_WEBFOTOS2-9602-1024x678.jpg","type":"","width":"","height":""}],"twitter_card":"summary_large_image","twitter_site":"@elenabarberomxt","schema":{"@context":"https:\/\/schema.org","@graph":[{"@type":"WebPage","@id":"https:\/\/www.matesxtu.es\/es\/que-es-singapur-maths\/","url":"https:\/\/www.matesxtu.es\/es\/que-es-singapur-maths\/","name":"\u00bf QU\u00c9 ES ? - MATESxTU educaci\u00f3n","isPartOf":{"@id":"https:\/\/www.matesxtu.es\/es\/#website"},"primaryImageOfPage":{"@id":"https:\/\/www.matesxtu.es\/es\/que-es-singapur-maths\/#primaryimage"},"image":{"@id":"https:\/\/www.matesxtu.es\/es\/que-es-singapur-maths\/#primaryimage"},"thumbnailUrl":"http:\/\/www.matesxtu.es\/es\/wp-content\/uploads\/sites\/2\/2014\/09\/MATESXTU_WEBFOTOS2-9602-1024x678.jpg","datePublished":"2014-09-15T15:19:12+00:00","dateModified":"2021-02-04T22:57:06+00:00","breadcrumb":{"@id":"https:\/\/www.matesxtu.es\/es\/que-es-singapur-maths\/#breadcrumb"},"inLanguage":"es","potentialAction":[{"@type":"ReadAction","target":["https:\/\/www.matesxtu.es\/es\/que-es-singapur-maths\/"]}]},{"@type":"ImageObject","inLanguage":"es","@id":"https:\/\/www.matesxtu.es\/es\/que-es-singapur-maths\/#primaryimage","url":"http:\/\/www.matesxtu.es\/es\/wp-content\/uploads\/sites\/2\/2014\/09\/MATESXTU_WEBFOTOS2-9602-1024x678.jpg","contentUrl":"http:\/\/www.matesxtu.es\/es\/wp-content\/uploads\/sites\/2\/2014\/09\/MATESXTU_WEBFOTOS2-9602-1024x678.jpg"},{"@type":"BreadcrumbList","@id":"https:\/\/www.matesxtu.es\/es\/que-es-singapur-maths\/#breadcrumb","itemListElement":[{"@type":"ListItem","position":1,"name":"Inici","item":"https:\/\/www.matesxtu.es\/es\/"},{"@type":"ListItem","position":2,"name":"\u00bf QU\u00c9 ES ?"}]},{"@type":"WebSite","@id":"https:\/\/www.matesxtu.es\/es\/#website","url":"https:\/\/www.matesxtu.es\/es\/","name":"MATESxTU educaci\u00f3n","description":"MATESxTU  = + x TODOS","publisher":{"@id":"https:\/\/www.matesxtu.es\/es\/#organization"},"potentialAction":[{"@type":"SearchAction","target":{"@type":"EntryPoint","urlTemplate":"https:\/\/www.matesxtu.es\/es\/?s={search_term_string}"},"query-input":{"@type":"PropertyValueSpecification","valueRequired":true,"valueName":"search_term_string"}}],"inLanguage":"es"},{"@type":"Organization","@id":"https:\/\/www.matesxtu.es\/es\/#organization","name":"MATESxTU Academia de matematicas","url":"https:\/\/www.matesxtu.es\/es\/","logo":{"@type":"ImageObject","inLanguage":"es","@id":"https:\/\/www.matesxtu.es\/es\/#\/schema\/logo\/image\/","url":"https:\/\/www.matesxtu.es\/es\/wp-content\/uploads\/sites\/2\/2021\/02\/logo_matesxtu_A4-2-e1612497302468.png","contentUrl":"https:\/\/www.matesxtu.es\/es\/wp-content\/uploads\/sites\/2\/2021\/02\/logo_matesxtu_A4-2-e1612497302468.png","width":588,"height":499,"caption":"MATESxTU Academia de matematicas"},"image":{"@id":"https:\/\/www.matesxtu.es\/es\/#\/schema\/logo\/image\/"},"sameAs":["https:\/\/www.facebook.com\/Matesxtu-1465218103742467\/","https:\/\/x.com\/elenabarberomxt","https:\/\/www.instagram.com\/matesxtu\/","https:\/\/www.linkedin.com\/in\/elena-barbero-revert\u00e9-aa8a4160\/","https:\/\/www.youtube.com\/channel\/UCYS6kEJxsS2mT6VGEkNFOFQ"]}]}},"jetpack_sharing_enabled":true,"_links":{"self":[{"href":"https:\/\/www.matesxtu.es\/es\/wp-json\/wp\/v2\/pages\/46","targetHints":{"allow":["GET"]}}],"collection":[{"href":"https:\/\/www.matesxtu.es\/es\/wp-json\/wp\/v2\/pages"}],"about":[{"href":"https:\/\/www.matesxtu.es\/es\/wp-json\/wp\/v2\/types\/page"}],"author":[{"embeddable":true,"href":"https:\/\/www.matesxtu.es\/es\/wp-json\/wp\/v2\/users\/1"}],"replies":[{"embeddable":true,"href":"https:\/\/www.matesxtu.es\/es\/wp-json\/wp\/v2\/comments?post=46"}],"version-history":[{"count":7,"href":"https:\/\/www.matesxtu.es\/es\/wp-json\/wp\/v2\/pages\/46\/revisions"}],"predecessor-version":[{"id":650,"href":"https:\/\/www.matesxtu.es\/es\/wp-json\/wp\/v2\/pages\/46\/revisions\/650"}],"wp:attachment":[{"href":"https:\/\/www.matesxtu.es\/es\/wp-json\/wp\/v2\/media?parent=46"}],"curies":[{"name":"wp","href":"https:\/\/api.w.org\/{rel}","templated":true}]}}