{"id":400,"date":"2015-03-11T15:33:20","date_gmt":"2015-03-11T14:33:20","guid":{"rendered":"http:\/\/www.matesxtu.es\/es\/?page_id=400"},"modified":"2020-03-17T22:02:28","modified_gmt":"2020-03-17T21:02:28","slug":"si-eres-profesor","status":"publish","type":"page","link":"https:\/\/www.matesxtu.es\/es\/si-eres-profesor\/","title":{"rendered":"SI ERES PROFESOR"},"content":{"rendered":"<p>Nos gustar\u00eda compartir nuestra experiencia contigo y que MATESxTU fuera un punto de colaboraci\u00f3n entre profesores con el objetivo de seguir mejorando la ense\u00f1anza. Poner en com\u00fan opiniones, actividades y m\u00e9todos puede resultar beneficioso para todos.<\/p>\n<p>No se trata de un gancho comercial, tal como se ha podido entender en acercamientos anteriores. MATESxTU ya est\u00e1 en contacto con las AMPAS para darnos a conocer.<\/p>\n<p>En esta secci\u00f3n os dejo un link a una Web Quest (o b\u00fasqueda guiada por internet) en la que alumnos de 5\u00ba y 6\u00ba podr\u00e1n hacer un bonito trabajo sobre el CRAM (Centro de Recuperaci\u00f3n de Animales Marinos). Hay links a otras webs, blogs, v\u00eddeos, un cuento, art\u00edculos, mapas conceptuales, &#8230;<\/p>\n<p style=\"text-align: center;\"><a href=\"https:\/\/www.matesxtu.es\/es\/wp-content\/uploads\/sites\/2\/2015\/03\/Sin-t\u00edtulo.jpg\"><img loading=\"lazy\" decoding=\"async\" data-attachment-id=\"443\" data-permalink=\"https:\/\/www.matesxtu.es\/es\/si-eres-profesor\/sin-titulo\/\" data-orig-file=\"https:\/\/www.matesxtu.es\/es\/wp-content\/uploads\/sites\/2\/2015\/03\/Sin-t\u00edtulo.jpg\" data-orig-size=\"668,487\" data-comments-opened=\"1\" data-image-meta=\"{&quot;aperture&quot;:&quot;0&quot;,&quot;credit&quot;:&quot;&quot;,&quot;camera&quot;:&quot;&quot;,&quot;caption&quot;:&quot;&quot;,&quot;created_timestamp&quot;:&quot;0&quot;,&quot;copyright&quot;:&quot;&quot;,&quot;focal_length&quot;:&quot;0&quot;,&quot;iso&quot;:&quot;0&quot;,&quot;shutter_speed&quot;:&quot;0&quot;,&quot;title&quot;:&quot;&quot;}\" data-image-title=\"Sin t\u00edtulo\" data-image-description=\"\" data-image-caption=\"\" data-medium-file=\"https:\/\/www.matesxtu.es\/es\/wp-content\/uploads\/sites\/2\/2015\/03\/Sin-t\u00edtulo-300x218.jpg\" data-large-file=\"https:\/\/www.matesxtu.es\/es\/wp-content\/uploads\/sites\/2\/2015\/03\/Sin-t\u00edtulo.jpg\" class=\"aligncenter size-medium wp-image-443\" src=\"https:\/\/www.matesxtu.es\/es\/wp-content\/uploads\/sites\/2\/2015\/03\/Sin-t\u00edtulo-300x218.jpg\" alt=\"Sin t\u00edtulo\" width=\"300\" height=\"218\" srcset=\"https:\/\/www.matesxtu.es\/es\/wp-content\/uploads\/sites\/2\/2015\/03\/Sin-t\u00edtulo-300x218.jpg 300w, https:\/\/www.matesxtu.es\/es\/wp-content\/uploads\/sites\/2\/2015\/03\/Sin-t\u00edtulo.jpg 668w\" sizes=\"auto, (max-width: 300px) 100vw, 300px\" \/><\/a>VISITA <a title=\"WEB QUEST CRAM\" href=\"https:\/\/sites.google.com\/site\/unir2014elenabarberocram\/\" target=\"_blank\">AQU\u00cd<\/a> LA WEB QUEST DEL CRAM<\/p>\n<p>No dud\u00e9is en poneros en contacto para cualquier consulta.<\/p>\n<div data-test='contact-form'\n\t\t\tid='contact-form-400'\n\t\t\tclass='wp-block-jetpack-contact-form-container '\n\t\t\tdata-wp-interactive='jetpack\/form' data-wp-context='{\"formId\":\"400\",\"formHash\":\"48d49a1218731e28fcb8672ea8b110556c255c67\",\"showErrors\":false,\"errors\":[],\"fields\":[],\"isMultiStep\":false,\"useAjax\":true,\"submissionData\":null,\"formattedSubmissionData\":[],\"submissionSuccess\":false,\"submissionError\":null,\"elementId\":\"jp-form-48d49a1218731e28fcb8672ea8b110556c255c67\"}'\n\t\t\tdata-wp-watch--scroll-to-wrapper=\"callbacks.scrollToWrapper\"\n\t\t>\n<div class=\"contact-form-submission contact-form-ajax-submission\" data-wp-class--submission-success=\"context.submissionSuccess\"><p class=\"go-back-message\"> <a class=\"link\" role=\"button\" tabindex=\"0\" data-wp-on--click=\"actions.goBack\">Volver<\/a> <\/p><h4 id=\"contact-form-success-header\">Tu mensaje se ha enviado<\/h4>\n\n<template data-wp-each--submission=\"context.formattedSubmissionData\">\n\t\t\t\t<div>\n\t\t\t\t\t<div class=\"field-name\" data-wp-text=\"context.submission.label\" data-wp-bind--hidden=\"!context.submission.label\"><\/div>\n\t\t\t\t\t<div class=\"field-value\" data-wp-text=\"context.submission.value\"><\/div>\n\t\t\t\t<\/div>\n\t\t\t<\/template><\/div><form action='https:\/\/www.matesxtu.es\/es\/si-eres-profesor\/#contact-form-400'\n\t\t\t\tid='jp-form-48d49a1218731e28fcb8672ea8b110556c255c67'\n\t\t\t\tmethod='post'\n\t\t\t\tclass='contact-form commentsblock' aria-label=\"SI ERES PROFESOR\"\n\t\t\t\tdata-wp-on--submit=\"actions.onFormSubmit\"\n\t\t\t\tdata-wp-on--reset=\"actions.onFormReset\"\n\t\t\t\tdata-wp-class--submission-success=\"context.submissionSuccess\"\n\t\t\t\tdata-wp-class--is-first-step=\"state.isFirstStep\"\n\t\t\t\tdata-wp-class--is-last-step=\"state.isLastStep\"\n\t\t\t\tdata-wp-class--is-ajax-form=\"context.useAjax\"\n\t\t\t\tnovalidate >\n<input type='hidden' name='jetpack_contact_form_jwt' value='eyJ0eXAiOiJKV1QiLCJhbGciOiJIUzI1NiJ9.eyJhdHRyaWJ1dGVzIjp7InRvIjoiZWxlbmFAbWF0ZXN4dHUuZXMiLCJzdWJqZWN0IjoiTUFURVN4VFUgbnVldm8gY29udGFjdG8gcHJvZmVzb3IiLCJzaG93X3N1YmplY3QiOiJubyIsIndpZGdldCI6IiIsImJsb2NrX3RlbXBsYXRlIjoiIiwiYmxvY2tfdGVtcGxhdGVfcGFydCI6IiIsImlkIjoiNDAwIiwic3VibWl0X2J1dHRvbl90ZXh0IjoiRW52aWFyIiwiY3VzdG9tVGhhbmt5b3UiOiIiLCJjdXN0b21UaGFua3lvdUhlYWRpbmciOiJUdSBtZW5zYWplIHNlIGhhIGVudmlhZG8iLCJjdXN0b21UaGFua3lvdU1lc3NhZ2UiOiJcdTAwYTFHcmFjaWFzIHBvciB0dSBlbnZcdTAwZWRvISIsImN1c3RvbVRoYW5reW91UmVkaXJlY3QiOiIiLCJqZXRwYWNrQ1JNIjoiMSIsIm1haWxwb2V0IjoiIiwiY2xhc3NOYW1lIjoiIiwicG9zdFRvVXJsIjoiIiwic2FsZXNmb3JjZURhdGEiOiIiLCJoaWRkZW5GaWVsZHMiOiIiLCJzdGVwVHJhbnNpdGlvbiI6ImZhZGUtc2xpZGUifSwiY29udGVudCI6Iltjb250YWN0LWZpZWxkIGxhYmVsPSdOb21icmUnIHR5cGU9J25hbWUnIHJlcXVpcmVkPScxJ1wvXVtjb250YWN0LWZpZWxkIGxhYmVsPSdFbWFpbCcgdHlwZT0nZW1haWwnIHJlcXVpcmVkPScxJ1wvXVtjb250YWN0LWZpZWxkIGxhYmVsPSdTaXRpbyBXZWInIHR5cGU9J3VybCdcL11bY29udGFjdC1maWVsZCBsYWJlbD0nQ29tZW50YXJpbycgdHlwZT0ndGV4dGFyZWEnIHJlcXVpcmVkPScxJ1wvXSIsImhhc2giOiI0OGQ0OWExMjE4NzMxZTI4ZmNiODY3MmVhOGIxMTA1NTZjMjU1YzY3In0.4-4TtinKYL8GqToC_yu6eUIVtXYx3x4swI_F3mJvHs0' \/>\n\n<div style=\"\"  data-wp-interactive=\"jetpack\/form\" data-wp-context='{\"fieldId\":\"g400-nombre\",\"fieldType\":\"name\",\"fieldLabel\":\"Nombre\",\"fieldValue\":\"\",\"fieldPlaceholder\":\"\",\"fieldIsRequired\":\"1\",\"fieldErrorMessage\":\"\",\"fieldExtra\":[],\"formHash\":\"48d49a1218731e28fcb8672ea8b110556c255c67\"}'  class='grunion-field-name-wrap grunion-field-wrap'  data-wp-init='callbacks.initializeField' data-wp-on--jetpack-form-reset='callbacks.initializeField' >\n<label\n\t\t\t\tfor='g400-nombre' class=\"grunion-field-label name\" >Nombre<span class=\"grunion-label-required\" aria-hidden=\"true\">(obligatorio)<\/span><\/label>\n<input\n\t\t\t\t\ttype='text'\n\t\t\t\t\tname='g400-nombre'\n\t\t\t\t\tid='g400-nombre'\n\t\t\t\t\tvalue=''\n\n\t\t\t\t\tdata-wp-bind--aria-invalid='state.fieldHasErrors'\n\t\t\t\t\tdata-wp-bind--value='state.getFieldValue'\n\t\t\t\t\taria-errormessage='g400-nombre-text-error-message'\n\t\t\t\t\tdata-wp-on--input='actions.onFieldChange'\n\t\t\t\t\tdata-wp-on--blur='actions.onFieldBlur'\n\t\t\t\t\tdata-wp-class--has-value='state.hasFieldValue'\n\n\t\t\t\t\tclass='name  grunion-field' \n\t\t\t\t\trequired='true' aria-required='true'  \/>\n \n\t\t\t<div id=\"g400-nombre-text-error\" class=\"contact-form__input-error\" data-wp-class--has-errors=\"state.fieldHasErrors\">\n\t\t\t\t<span class=\"contact-form__warning-icon\">\n\t\t\t\t\t<svg width=\"16\" height=\"16\" viewBox=\"0 0 16 16\" fill=\"none\" xmlns=\"http:\/\/www.w3.org\/2000\/svg\">\n\t\t\t\t\t\t<path d=\"M8.50015 11.6402H7.50015V10.6402H8.50015V11.6402Z\" \/>\n\t\t\t\t\t\t<path d=\"M7.50015 9.64018H8.50015V6.30684H7.50015V9.64018Z\" \/>\n\t\t\t\t\t\t<path fill-rule=\"evenodd\" clip-rule=\"evenodd\" d=\"M6.98331 3.0947C7.42933 2.30177 8.57096 2.30177 9.01698 3.09469L13.8771 11.7349C14.3145 12.5126 13.7525 13.4735 12.8602 13.4735H3.14004C2.24774 13.4735 1.68575 12.5126 2.12321 11.7349L6.98331 3.0947ZM8.14541 3.58496C8.08169 3.47168 7.9186 3.47168 7.85488 3.58496L2.99478 12.2251C2.93229 12.3362 3.01257 12.4735 3.14004 12.4735H12.8602C12.9877 12.4735 13.068 12.3362 13.0055 12.2251L8.14541 3.58496Z\" \/>\n\t\t\t\t\t<\/svg>\n\t\t\t\t\t<span class=\"visually-hidden\">Advertencia<\/span>\n\t\t\t\t<\/span>\n\t\t\t\t<span data-wp-text=\"state.errorMessage\" id=\"g400-nombre-text-error-message\"><\/span>\n\t\t\t<\/div> \n\t<\/div>\n\n<div style=\"\"  data-wp-interactive=\"jetpack\/form\" data-wp-context='{\"fieldId\":\"g400-email\",\"fieldType\":\"email\",\"fieldLabel\":\"Email\",\"fieldValue\":\"\",\"fieldPlaceholder\":\"\",\"fieldIsRequired\":\"1\",\"fieldErrorMessage\":\"\",\"fieldExtra\":[],\"formHash\":\"48d49a1218731e28fcb8672ea8b110556c255c67\"}'  class='grunion-field-email-wrap grunion-field-wrap'  data-wp-init='callbacks.initializeField' data-wp-on--jetpack-form-reset='callbacks.initializeField' >\n<label\n\t\t\t\tfor='g400-email' class=\"grunion-field-label email\" >Email<span class=\"grunion-label-required\" aria-hidden=\"true\">(obligatorio)<\/span><\/label>\n<input\n\t\t\t\t\ttype='email'\n\t\t\t\t\tname='g400-email'\n\t\t\t\t\tid='g400-email'\n\t\t\t\t\tvalue=''\n\n\t\t\t\t\tdata-wp-bind--aria-invalid='state.fieldHasErrors'\n\t\t\t\t\tdata-wp-bind--value='state.getFieldValue'\n\t\t\t\t\taria-errormessage='g400-email-email-error-message'\n\t\t\t\t\tdata-wp-on--input='actions.onFieldChange'\n\t\t\t\t\tdata-wp-on--blur='actions.onFieldBlur'\n\t\t\t\t\tdata-wp-class--has-value='state.hasFieldValue'\n\n\t\t\t\t\tclass='email  grunion-field' \n\t\t\t\t\trequired='true' aria-required='true'  \/>\n \n\t\t\t<div id=\"g400-email-email-error\" class=\"contact-form__input-error\" data-wp-class--has-errors=\"state.fieldHasErrors\">\n\t\t\t\t<span class=\"contact-form__warning-icon\">\n\t\t\t\t\t<svg width=\"16\" height=\"16\" viewBox=\"0 0 16 16\" fill=\"none\" xmlns=\"http:\/\/www.w3.org\/2000\/svg\">\n\t\t\t\t\t\t<path d=\"M8.50015 11.6402H7.50015V10.6402H8.50015V11.6402Z\" \/>\n\t\t\t\t\t\t<path d=\"M7.50015 9.64018H8.50015V6.30684H7.50015V9.64018Z\" \/>\n\t\t\t\t\t\t<path fill-rule=\"evenodd\" clip-rule=\"evenodd\" d=\"M6.98331 3.0947C7.42933 2.30177 8.57096 2.30177 9.01698 3.09469L13.8771 11.7349C14.3145 12.5126 13.7525 13.4735 12.8602 13.4735H3.14004C2.24774 13.4735 1.68575 12.5126 2.12321 11.7349L6.98331 3.0947ZM8.14541 3.58496C8.08169 3.47168 7.9186 3.47168 7.85488 3.58496L2.99478 12.2251C2.93229 12.3362 3.01257 12.4735 3.14004 12.4735H12.8602C12.9877 12.4735 13.068 12.3362 13.0055 12.2251L8.14541 3.58496Z\" \/>\n\t\t\t\t\t<\/svg>\n\t\t\t\t\t<span class=\"visually-hidden\">Advertencia<\/span>\n\t\t\t\t<\/span>\n\t\t\t\t<span data-wp-text=\"state.errorMessage\" id=\"g400-email-email-error-message\"><\/span>\n\t\t\t<\/div> \n\t<\/div>\n\n<div style=\"\"  data-wp-interactive=\"jetpack\/form\" data-wp-context='{\"fieldId\":\"g400-sitioweb\",\"fieldType\":\"url\",\"fieldLabel\":\"Sitio Web\",\"fieldValue\":\"\",\"fieldPlaceholder\":\"\",\"fieldIsRequired\":\"\",\"fieldErrorMessage\":\"\",\"fieldExtra\":[],\"formHash\":\"48d49a1218731e28fcb8672ea8b110556c255c67\"}'  class='grunion-field-url-wrap grunion-field-wrap'  data-wp-init='callbacks.initializeField' data-wp-on--jetpack-form-reset='callbacks.initializeField' >\n<label\n\t\t\t\tfor='g400-sitioweb' class=\"grunion-field-label url\" >Sitio Web<\/label>\n<input\n\t\t\t\t\ttype='text'\n\t\t\t\t\tname='g400-sitioweb'\n\t\t\t\t\tid='g400-sitioweb'\n\t\t\t\t\tvalue=''\n\n\t\t\t\t\tdata-wp-bind--aria-invalid='state.fieldHasErrors'\n\t\t\t\t\tdata-wp-bind--value='state.getFieldValue'\n\t\t\t\t\taria-errormessage='g400-sitioweb-text-error-message'\n\t\t\t\t\tdata-wp-on--input='actions.onFieldChange'\n\t\t\t\t\tdata-wp-on--blur='actions.onFieldBlur'\n\t\t\t\t\tdata-wp-class--has-value='state.hasFieldValue'\n\n\t\t\t\t\tclass='url  grunion-field' \n\t\t\t\t\t \/>\n \n\t\t\t<div id=\"g400-sitioweb-text-error\" class=\"contact-form__input-error\" data-wp-class--has-errors=\"state.fieldHasErrors\">\n\t\t\t\t<span class=\"contact-form__warning-icon\">\n\t\t\t\t\t<svg width=\"16\" height=\"16\" viewBox=\"0 0 16 16\" fill=\"none\" xmlns=\"http:\/\/www.w3.org\/2000\/svg\">\n\t\t\t\t\t\t<path d=\"M8.50015 11.6402H7.50015V10.6402H8.50015V11.6402Z\" \/>\n\t\t\t\t\t\t<path d=\"M7.50015 9.64018H8.50015V6.30684H7.50015V9.64018Z\" \/>\n\t\t\t\t\t\t<path fill-rule=\"evenodd\" clip-rule=\"evenodd\" d=\"M6.98331 3.0947C7.42933 2.30177 8.57096 2.30177 9.01698 3.09469L13.8771 11.7349C14.3145 12.5126 13.7525 13.4735 12.8602 13.4735H3.14004C2.24774 13.4735 1.68575 12.5126 2.12321 11.7349L6.98331 3.0947ZM8.14541 3.58496C8.08169 3.47168 7.9186 3.47168 7.85488 3.58496L2.99478 12.2251C2.93229 12.3362 3.01257 12.4735 3.14004 12.4735H12.8602C12.9877 12.4735 13.068 12.3362 13.0055 12.2251L8.14541 3.58496Z\" \/>\n\t\t\t\t\t<\/svg>\n\t\t\t\t\t<span class=\"visually-hidden\">Advertencia<\/span>\n\t\t\t\t<\/span>\n\t\t\t\t<span data-wp-text=\"state.errorMessage\" id=\"g400-sitioweb-text-error-message\"><\/span>\n\t\t\t<\/div> \n\t<\/div>\n\n<div style=\"\"  data-wp-interactive=\"jetpack\/form\" data-wp-context='{\"fieldId\":\"g400-comentario\",\"fieldType\":\"textarea\",\"fieldLabel\":\"Comentario\",\"fieldValue\":\"\",\"fieldPlaceholder\":\"\",\"fieldIsRequired\":\"1\",\"fieldErrorMessage\":\"\",\"fieldExtra\":[],\"formHash\":\"48d49a1218731e28fcb8672ea8b110556c255c67\"}'  class='grunion-field-textarea-wrap grunion-field-wrap'  data-wp-init='callbacks.initializeField' data-wp-on--jetpack-form-reset='callbacks.initializeField' >\n<label\n\t\t\t\tfor='contact-form-comment-g400-comentario' class=\"grunion-field-label textarea\" >Comentario<span class=\"grunion-label-required\" aria-hidden=\"true\">(obligatorio)<\/span><\/label>\n<textarea\n\t\t                style=''\n\t\t                name='g400-comentario'\n\t\t                id='contact-form-comment-g400-comentario'\n\t\t                rows='20'\n\t\t\t\t\t\tdata-wp-text='state.getFieldValue'\n\t\t\t\t\t\tdata-wp-on--input='actions.onFieldChange'\n\t\t\t\t\t\tdata-wp-on--blur='actions.onFieldBlur'\n\t\t\t\t\t\tdata-wp-class--has-value='state.hasFieldValue'\n\t\t\t\t\t\tdata-wp-bind--aria-invalid='state.fieldHasErrors'\n\t\t\t\t\t\tdata-wp-on--keydown='actions.onKeyDownTextarea'\n\t\t\t\t\t\taria-errormessage='g400-comentario-textarea-error-message'\n\t\t\t\t\t\tclass='textarea  grunion-field'  required aria-required='true'><\/textarea>\n \n\t\t\t<div id=\"g400-comentario-textarea-error\" class=\"contact-form__input-error\" data-wp-class--has-errors=\"state.fieldHasErrors\">\n\t\t\t\t<span class=\"contact-form__warning-icon\">\n\t\t\t\t\t<svg width=\"16\" height=\"16\" viewBox=\"0 0 16 16\" fill=\"none\" xmlns=\"http:\/\/www.w3.org\/2000\/svg\">\n\t\t\t\t\t\t<path d=\"M8.50015 11.6402H7.50015V10.6402H8.50015V11.6402Z\" \/>\n\t\t\t\t\t\t<path d=\"M7.50015 9.64018H8.50015V6.30684H7.50015V9.64018Z\" \/>\n\t\t\t\t\t\t<path fill-rule=\"evenodd\" clip-rule=\"evenodd\" d=\"M6.98331 3.0947C7.42933 2.30177 8.57096 2.30177 9.01698 3.09469L13.8771 11.7349C14.3145 12.5126 13.7525 13.4735 12.8602 13.4735H3.14004C2.24774 13.4735 1.68575 12.5126 2.12321 11.7349L6.98331 3.0947ZM8.14541 3.58496C8.08169 3.47168 7.9186 3.47168 7.85488 3.58496L2.99478 12.2251C2.93229 12.3362 3.01257 12.4735 3.14004 12.4735H12.8602C12.9877 12.4735 13.068 12.3362 13.0055 12.2251L8.14541 3.58496Z\" \/>\n\t\t\t\t\t<\/svg>\n\t\t\t\t\t<span class=\"visually-hidden\">Advertencia<\/span>\n\t\t\t\t<\/span>\n\t\t\t\t<span data-wp-text=\"state.errorMessage\" id=\"g400-comentario-textarea-error-message\"><\/span>\n\t\t\t<\/div>\n\t<\/div>\n\t<p class='contact-submit'>\n<div class=\"contact-form__error\" data-wp-class--show-errors=\"state.showFormErrors\"><span class=\"contact-form__warning-icon\"><span class=\"visually-hidden\">Advertencia.<\/span><i aria-hidden=\"true\"><\/i><\/span>\n\t\t\t\t<span data-wp-text=\"state.getFormErrorMessage\"><\/span>\n\t\t\t\t<ul>\n\t\t\t\t<template data-wp-each=\"state.getErrorList\" data-wp-key=\"context.item.id\">\n\t\t\t\t\t<li><a data-wp-bind--href=\"context.item.anchor\" data-wp-on--click=\"actions.scrollIntoView\" data-wp-text=\"context.item.label\"><\/a><\/li>\n\t\t\t\t<\/template>\n\t\t\t\t<\/ul><\/div><div class=\"contact-form__error\" data-wp-class--show-errors=\"state.showSubmissionError\" data-wp-text=\"context.submissionError\"><\/div>\t\t<button type='submit' class='pushbutton-wide'>Enviar<\/button>\t\t<input type='hidden' name='contact-form-id' value='400' \/>\n\t\t<input type='hidden' name='action' value='grunion-contact-form' \/>\n\t\t<input type='hidden' name='contact-form-hash' value='48d49a1218731e28fcb8672ea8b110556c255c67' \/>\n\t<\/p>\n<p style=\"display: none !important;\" class=\"akismet-fields-container\" data-prefix=\"ak_\"><label>&#916;<textarea name=\"ak_hp_textarea\" cols=\"45\" rows=\"8\" maxlength=\"100\"><\/textarea><\/label><input type=\"hidden\" id=\"ak_js_1\" name=\"ak_js\" value=\"93\"\/><script>document.getElementById( \"ak_js_1\" ).setAttribute( \"value\", ( new Date() ).getTime() );<\/script><\/p><\/form>\n<\/div>\n","protected":false},"excerpt":{"rendered":"<p>Nos gustar\u00eda compartir nuestra experiencia contigo y que MATESxTU fuera un punto de colaboraci\u00f3n entre profesores con el objetivo de seguir mejorando la ense\u00f1anza. Poner en com\u00fan opiniones, actividades y m\u00e9todos puede resultar beneficioso para todos. No se trata de un gancho comercial, tal como se ha podido entender en acercamientos anteriores. MATESxTU ya est\u00e1 [&hellip;]<\/p>\n","protected":false},"author":1,"featured_media":0,"parent":0,"menu_order":0,"comment_status":"open","ping_status":"open","template":"","meta":{"jetpack_post_was_ever_published":false,"footnotes":""},"class_list":["post-400","page","type-page","status-publish","hentry"],"yoast_head":"<!-- This site is optimized with the Yoast SEO plugin v25.8 - https:\/\/yoast.com\/wordpress\/plugins\/seo\/ -->\n<title>SI ERES PROFESOR - MATESxTU educaci\u00f3n<\/title>\n<meta name=\"robots\" content=\"index, follow, max-snippet:-1, max-image-preview:large, max-video-preview:-1\" \/>\n<link rel=\"canonical\" href=\"https:\/\/www.matesxtu.es\/es\/si-eres-profesor\/\" \/>\n<meta property=\"og:locale\" content=\"es_ES\" \/>\n<meta property=\"og:type\" content=\"article\" \/>\n<meta property=\"og:title\" content=\"SI ERES PROFESOR - MATESxTU educaci\u00f3n\" \/>\n<meta property=\"og:description\" content=\"Nos gustar\u00eda compartir nuestra experiencia contigo y que MATESxTU fuera un punto de colaboraci\u00f3n entre profesores con el objetivo de seguir mejorando la ense\u00f1anza. Poner en com\u00fan opiniones, actividades y m\u00e9todos puede resultar beneficioso para todos. No se trata de un gancho comercial, tal como se ha podido entender en acercamientos anteriores. MATESxTU ya est\u00e1 [&hellip;]\" \/>\n<meta property=\"og:url\" content=\"https:\/\/www.matesxtu.es\/es\/si-eres-profesor\/\" \/>\n<meta property=\"og:site_name\" content=\"MATESxTU educaci\u00f3n\" \/>\n<meta property=\"article:publisher\" content=\"https:\/\/www.facebook.com\/Matesxtu-1465218103742467\/\" \/>\n<meta property=\"article:modified_time\" content=\"2020-03-17T21:02:28+00:00\" \/>\n<meta property=\"og:image\" content=\"http:\/\/www.matesxtu.es\/es\/wp-content\/uploads\/sites\/2\/2015\/03\/Sin-t\u00edtulo-300x218.jpg\" \/>\n<meta name=\"twitter:card\" content=\"summary_large_image\" \/>\n<meta name=\"twitter:site\" content=\"@elenabarberomxt\" \/>\n<meta name=\"twitter:label1\" content=\"Tiempo de lectura\" \/>\n\t<meta name=\"twitter:data1\" content=\"1 minuto\" \/>\n<script type=\"application\/ld+json\" class=\"yoast-schema-graph\">{\"@context\":\"https:\/\/schema.org\",\"@graph\":[{\"@type\":\"WebPage\",\"@id\":\"https:\/\/www.matesxtu.es\/es\/si-eres-profesor\/\",\"url\":\"https:\/\/www.matesxtu.es\/es\/si-eres-profesor\/\",\"name\":\"SI ERES PROFESOR - MATESxTU educaci\u00f3n\",\"isPartOf\":{\"@id\":\"https:\/\/www.matesxtu.es\/es\/#website\"},\"datePublished\":\"2015-03-11T14:33:20+00:00\",\"dateModified\":\"2020-03-17T21:02:28+00:00\",\"breadcrumb\":{\"@id\":\"https:\/\/www.matesxtu.es\/es\/si-eres-profesor\/#breadcrumb\"},\"inLanguage\":\"es\",\"potentialAction\":[{\"@type\":\"ReadAction\",\"target\":[\"https:\/\/www.matesxtu.es\/es\/si-eres-profesor\/\"]}]},{\"@type\":\"BreadcrumbList\",\"@id\":\"https:\/\/www.matesxtu.es\/es\/si-eres-profesor\/#breadcrumb\",\"itemListElement\":[{\"@type\":\"ListItem\",\"position\":1,\"name\":\"Inici\",\"item\":\"https:\/\/www.matesxtu.es\/es\/\"},{\"@type\":\"ListItem\",\"position\":2,\"name\":\"SI ERES PROFESOR\"}]},{\"@type\":\"WebSite\",\"@id\":\"https:\/\/www.matesxtu.es\/es\/#website\",\"url\":\"https:\/\/www.matesxtu.es\/es\/\",\"name\":\"MATESxTU educaci\u00f3n\",\"description\":\"MATESxTU  = + x TODOS\",\"publisher\":{\"@id\":\"https:\/\/www.matesxtu.es\/es\/#organization\"},\"potentialAction\":[{\"@type\":\"SearchAction\",\"target\":{\"@type\":\"EntryPoint\",\"urlTemplate\":\"https:\/\/www.matesxtu.es\/es\/?s={search_term_string}\"},\"query-input\":{\"@type\":\"PropertyValueSpecification\",\"valueRequired\":true,\"valueName\":\"search_term_string\"}}],\"inLanguage\":\"es\"},{\"@type\":\"Organization\",\"@id\":\"https:\/\/www.matesxtu.es\/es\/#organization\",\"name\":\"MATESxTU Academia de matematicas\",\"url\":\"https:\/\/www.matesxtu.es\/es\/\",\"logo\":{\"@type\":\"ImageObject\",\"inLanguage\":\"es\",\"@id\":\"https:\/\/www.matesxtu.es\/es\/#\/schema\/logo\/image\/\",\"url\":\"https:\/\/www.matesxtu.es\/es\/wp-content\/uploads\/sites\/2\/2021\/02\/logo_matesxtu_A4-2-e1612497302468.png\",\"contentUrl\":\"https:\/\/www.matesxtu.es\/es\/wp-content\/uploads\/sites\/2\/2021\/02\/logo_matesxtu_A4-2-e1612497302468.png\",\"width\":588,\"height\":499,\"caption\":\"MATESxTU Academia de matematicas\"},\"image\":{\"@id\":\"https:\/\/www.matesxtu.es\/es\/#\/schema\/logo\/image\/\"},\"sameAs\":[\"https:\/\/www.facebook.com\/Matesxtu-1465218103742467\/\",\"https:\/\/x.com\/elenabarberomxt\",\"https:\/\/www.instagram.com\/matesxtu\/\",\"https:\/\/www.linkedin.com\/in\/elena-barbero-revert\u00e9-aa8a4160\/\",\"https:\/\/www.youtube.com\/channel\/UCYS6kEJxsS2mT6VGEkNFOFQ\"]}]}<\/script>\n<!-- \/ Yoast SEO plugin. -->","yoast_head_json":{"title":"SI ERES PROFESOR - MATESxTU educaci\u00f3n","robots":{"index":"index","follow":"follow","max-snippet":"max-snippet:-1","max-image-preview":"max-image-preview:large","max-video-preview":"max-video-preview:-1"},"canonical":"https:\/\/www.matesxtu.es\/es\/si-eres-profesor\/","og_locale":"es_ES","og_type":"article","og_title":"SI ERES PROFESOR - MATESxTU educaci\u00f3n","og_description":"Nos gustar\u00eda compartir nuestra experiencia contigo y que MATESxTU fuera un punto de colaboraci\u00f3n entre profesores con el objetivo de seguir mejorando la ense\u00f1anza. Poner en com\u00fan opiniones, actividades y m\u00e9todos puede resultar beneficioso para todos. No se trata de un gancho comercial, tal como se ha podido entender en acercamientos anteriores. MATESxTU ya est\u00e1 [&hellip;]","og_url":"https:\/\/www.matesxtu.es\/es\/si-eres-profesor\/","og_site_name":"MATESxTU educaci\u00f3n","article_publisher":"https:\/\/www.facebook.com\/Matesxtu-1465218103742467\/","article_modified_time":"2020-03-17T21:02:28+00:00","og_image":[{"url":"http:\/\/www.matesxtu.es\/es\/wp-content\/uploads\/sites\/2\/2015\/03\/Sin-t\u00edtulo-300x218.jpg","type":"","width":"","height":""}],"twitter_card":"summary_large_image","twitter_site":"@elenabarberomxt","twitter_misc":{"Tiempo de lectura":"1 minuto"},"schema":{"@context":"https:\/\/schema.org","@graph":[{"@type":"WebPage","@id":"https:\/\/www.matesxtu.es\/es\/si-eres-profesor\/","url":"https:\/\/www.matesxtu.es\/es\/si-eres-profesor\/","name":"SI ERES PROFESOR - MATESxTU educaci\u00f3n","isPartOf":{"@id":"https:\/\/www.matesxtu.es\/es\/#website"},"datePublished":"2015-03-11T14:33:20+00:00","dateModified":"2020-03-17T21:02:28+00:00","breadcrumb":{"@id":"https:\/\/www.matesxtu.es\/es\/si-eres-profesor\/#breadcrumb"},"inLanguage":"es","potentialAction":[{"@type":"ReadAction","target":["https:\/\/www.matesxtu.es\/es\/si-eres-profesor\/"]}]},{"@type":"BreadcrumbList","@id":"https:\/\/www.matesxtu.es\/es\/si-eres-profesor\/#breadcrumb","itemListElement":[{"@type":"ListItem","position":1,"name":"Inici","item":"https:\/\/www.matesxtu.es\/es\/"},{"@type":"ListItem","position":2,"name":"SI ERES PROFESOR"}]},{"@type":"WebSite","@id":"https:\/\/www.matesxtu.es\/es\/#website","url":"https:\/\/www.matesxtu.es\/es\/","name":"MATESxTU educaci\u00f3n","description":"MATESxTU  = + x TODOS","publisher":{"@id":"https:\/\/www.matesxtu.es\/es\/#organization"},"potentialAction":[{"@type":"SearchAction","target":{"@type":"EntryPoint","urlTemplate":"https:\/\/www.matesxtu.es\/es\/?s={search_term_string}"},"query-input":{"@type":"PropertyValueSpecification","valueRequired":true,"valueName":"search_term_string"}}],"inLanguage":"es"},{"@type":"Organization","@id":"https:\/\/www.matesxtu.es\/es\/#organization","name":"MATESxTU Academia de matematicas","url":"https:\/\/www.matesxtu.es\/es\/","logo":{"@type":"ImageObject","inLanguage":"es","@id":"https:\/\/www.matesxtu.es\/es\/#\/schema\/logo\/image\/","url":"https:\/\/www.matesxtu.es\/es\/wp-content\/uploads\/sites\/2\/2021\/02\/logo_matesxtu_A4-2-e1612497302468.png","contentUrl":"https:\/\/www.matesxtu.es\/es\/wp-content\/uploads\/sites\/2\/2021\/02\/logo_matesxtu_A4-2-e1612497302468.png","width":588,"height":499,"caption":"MATESxTU Academia de matematicas"},"image":{"@id":"https:\/\/www.matesxtu.es\/es\/#\/schema\/logo\/image\/"},"sameAs":["https:\/\/www.facebook.com\/Matesxtu-1465218103742467\/","https:\/\/x.com\/elenabarberomxt","https:\/\/www.instagram.com\/matesxtu\/","https:\/\/www.linkedin.com\/in\/elena-barbero-revert\u00e9-aa8a4160\/","https:\/\/www.youtube.com\/channel\/UCYS6kEJxsS2mT6VGEkNFOFQ"]}]}},"jetpack_sharing_enabled":true,"_links":{"self":[{"href":"https:\/\/www.matesxtu.es\/es\/wp-json\/wp\/v2\/pages\/400","targetHints":{"allow":["GET"]}}],"collection":[{"href":"https:\/\/www.matesxtu.es\/es\/wp-json\/wp\/v2\/pages"}],"about":[{"href":"https:\/\/www.matesxtu.es\/es\/wp-json\/wp\/v2\/types\/page"}],"author":[{"embeddable":true,"href":"https:\/\/www.matesxtu.es\/es\/wp-json\/wp\/v2\/users\/1"}],"replies":[{"embeddable":true,"href":"https:\/\/www.matesxtu.es\/es\/wp-json\/wp\/v2\/comments?post=400"}],"version-history":[{"count":6,"href":"https:\/\/www.matesxtu.es\/es\/wp-json\/wp\/v2\/pages\/400\/revisions"}],"predecessor-version":[{"id":758,"href":"https:\/\/www.matesxtu.es\/es\/wp-json\/wp\/v2\/pages\/400\/revisions\/758"}],"wp:attachment":[{"href":"https:\/\/www.matesxtu.es\/es\/wp-json\/wp\/v2\/media?parent=400"}],"curies":[{"name":"wp","href":"https:\/\/api.w.org\/{rel}","templated":true}]}}