{"id":24,"date":"2014-09-05T21:42:31","date_gmt":"2014-09-05T21:42:31","guid":{"rendered":"http:\/\/www.matesxtu.es\/es\/?page_id=24"},"modified":"2016-07-05T18:39:13","modified_gmt":"2016-07-05T17:39:13","slug":"escola","status":"publish","type":"page","link":"https:\/\/www.matesxtu.es\/es\/escola\/","title":{"rendered":"MATESxTU EDUCACI\u00d3N"},"content":{"rendered":"<p><iframe loading=\"lazy\" title=\"\u00bf Qu\u00e9 es MATESxTU ?\" width=\"500\" height=\"281\" src=\"https:\/\/www.youtube.com\/embed\/X_He8vQmMaM?feature=oembed\" frameborder=\"0\" allow=\"accelerometer; autoplay; clipboard-write; encrypted-media; gyroscope; picture-in-picture; web-share\" referrerpolicy=\"strict-origin-when-cross-origin\" allowfullscreen><\/iframe><\/p>\n<p style=\"text-align: justify;\">MATESxTU nace con el prop\u00f3sito de acercar las matem\u00e1ticas a los ni\u00f1os de preescolar y primaria (de 4 a 12 a\u00f1os) de una manera divertida y desafiante. Se trabaja con los contenidos y manipulabes de la colecci\u00f3n \u00abPensar sin l\u00edmites\u00bb. La filosof\u00eda de este m\u00e9todo se basa en la resoluci\u00f3n de problemas como veh\u00edculo de aprendizaje y en el uso de manipulables para la asimilaci\u00f3n de conceptos.<\/p>\n<p style=\"text-align: justify;\">Durante los primeros a\u00f1os acad\u00e9micos se establecen los conocimientos y las capacidades que acompa\u00f1ar\u00e1n a nuestros peque\u00f1os el resto de su vida. El programa MATESxTU est\u00e1 dise\u00f1ado para potenciar la comprensi\u00f3n de problemas, incentivar el pensamiento l\u00f3gico y estimular habilidades cognitivas como la capacidad lectora o la comprensi\u00f3n de im\u00e1genes.<\/p>\n<p style=\"text-align: center;\"><a title=\"\u00bf D\u00d3NDE ESTAMOS ?\" href=\"https:\/\/www.matesxtu.es\/es\/?page_id=57\">\u00bfD\u00d3NDE ESTAMOS?<\/a><\/p>\n<p style=\"text-align: center;\"><a title=\"HORARIOS Y PRECIOS\" href=\"https:\/\/www.matesxtu.es\/es\/?page_id=61\">HORARIOS Y PRECIOS<\/a><\/p>\n<p style=\"text-align: center;\"><a title=\"PRESENTACIONES Y TALLERES\" href=\"https:\/\/www.matesxtu.es\/es\/?page_id=66\">VEN A NUESTRAS PRESENTACIONES Y TALLERES GRATUITOS<\/a><\/p>\n<p style=\"text-align: center;\"><a title=\"CONTACTA CON NOSOTROS\" href=\"https:\/\/www.matesxtu.es\/es\/contacta-amb-nosaltres\/\">CONTACTA CON\u00a0NOSOTROS<\/a><\/p>\n<p style=\"text-align: center;\"><a title=\"D\u00cdPTICO PDF\" href=\"https:\/\/www.matesxtu.es\/es\/wp-content\/uploads\/sites\/2\/2014\/09\/MATESxTU-diptic1.pdf\" target=\"_blank\">DESCARGA NUESTRO D\u00cdPTICO HACIENDO CLICK EN LA IMAGEN (PDF)<\/a><\/p>\n<p style=\"text-align: center;\"><a href=\"https:\/\/www.matesxtu.es\/es\/wp-content\/uploads\/sites\/2\/2014\/09\/MATESxTU-diptic1.pdf\"><img loading=\"lazy\" decoding=\"async\" data-attachment-id=\"153\" data-permalink=\"https:\/\/www.matesxtu.es\/es\/escola\/diptic-cover\/\" data-orig-file=\"https:\/\/www.matesxtu.es\/es\/wp-content\/uploads\/sites\/2\/2014\/09\/diptic-cover.png\" data-orig-size=\"640,914\" data-comments-opened=\"1\" data-image-meta=\"{&quot;aperture&quot;:&quot;0&quot;,&quot;credit&quot;:&quot;&quot;,&quot;camera&quot;:&quot;&quot;,&quot;caption&quot;:&quot;&quot;,&quot;created_timestamp&quot;:&quot;0&quot;,&quot;copyright&quot;:&quot;&quot;,&quot;focal_length&quot;:&quot;0&quot;,&quot;iso&quot;:&quot;0&quot;,&quot;shutter_speed&quot;:&quot;0&quot;,&quot;title&quot;:&quot;&quot;}\" data-image-title=\"diptic cover\" data-image-description=\"\" data-image-caption=\"\" data-medium-file=\"https:\/\/www.matesxtu.es\/es\/wp-content\/uploads\/sites\/2\/2014\/09\/diptic-cover-210x300.png\" data-large-file=\"https:\/\/www.matesxtu.es\/es\/wp-content\/uploads\/sites\/2\/2014\/09\/diptic-cover.png\" class=\"aligncenter wp-image-153 \" src=\"https:\/\/www.matesxtu.es\/es\/wp-content\/uploads\/sites\/2\/2014\/09\/diptic-cover-210x300.png\" alt=\"diptic cover\" width=\"161\" height=\"230\" srcset=\"https:\/\/www.matesxtu.es\/es\/wp-content\/uploads\/sites\/2\/2014\/09\/diptic-cover-210x300.png 210w, https:\/\/www.matesxtu.es\/es\/wp-content\/uploads\/sites\/2\/2014\/09\/diptic-cover.png 640w\" sizes=\"auto, (max-width: 161px) 100vw, 161px\" \/><\/a><\/p>\n<p><img loading=\"lazy\" decoding=\"async\" class=\"aligncenter wp-image-109 size-large\" src=\"https:\/\/www.matesxtu.es\/es\/wp-content\/uploads\/sites\/2\/2014\/09\/MATESXTU_WEBFOTOS1-9380-1024x678.jpg\" alt=\"MATESXTU_WEBFOTOS1-9380\" width=\"474\" height=\"313\" \/><\/p>\n","protected":false},"excerpt":{"rendered":"<p>MATESxTU nace con el prop\u00f3sito de acercar las matem\u00e1ticas a los ni\u00f1os de preescolar y primaria (de 4 a 12 a\u00f1os) de una manera divertida y desafiante. Se trabaja con los contenidos y manipulabes de la colecci\u00f3n \u00abPensar sin l\u00edmites\u00bb. La filosof\u00eda de este m\u00e9todo se basa en la resoluci\u00f3n de problemas como veh\u00edculo de [&hellip;]<\/p>\n","protected":false},"author":1,"featured_media":0,"parent":0,"menu_order":0,"comment_status":"closed","ping_status":"open","template":"page-templates\/full-width.php","meta":{"jetpack_post_was_ever_published":false,"footnotes":""},"class_list":["post-24","page","type-page","status-publish","hentry"],"yoast_head":"<!-- This site is optimized with the Yoast SEO plugin v25.8 - https:\/\/yoast.com\/wordpress\/plugins\/seo\/ -->\n<title>MATESxTU EDUCACI\u00d3N - MATESxTU educaci\u00f3n<\/title>\n<meta name=\"robots\" content=\"index, follow, max-snippet:-1, max-image-preview:large, max-video-preview:-1\" \/>\n<link rel=\"canonical\" href=\"https:\/\/www.matesxtu.es\/es\/escola\/\" \/>\n<meta property=\"og:locale\" content=\"es_ES\" \/>\n<meta property=\"og:type\" content=\"article\" \/>\n<meta property=\"og:title\" content=\"MATESxTU EDUCACI\u00d3N - MATESxTU educaci\u00f3n\" \/>\n<meta property=\"og:description\" content=\"MATESxTU nace con el prop\u00f3sito de acercar las matem\u00e1ticas a los ni\u00f1os de preescolar y primaria (de 4 a 12 a\u00f1os) de una manera divertida y desafiante. Se trabaja con los contenidos y manipulabes de la colecci\u00f3n \u00abPensar sin l\u00edmites\u00bb. La filosof\u00eda de este m\u00e9todo se basa en la resoluci\u00f3n de problemas como veh\u00edculo de [&hellip;]\" \/>\n<meta property=\"og:url\" content=\"https:\/\/www.matesxtu.es\/es\/escola\/\" \/>\n<meta property=\"og:site_name\" content=\"MATESxTU educaci\u00f3n\" \/>\n<meta property=\"article:publisher\" content=\"https:\/\/www.facebook.com\/Matesxtu-1465218103742467\/\" \/>\n<meta property=\"article:modified_time\" content=\"2016-07-05T17:39:13+00:00\" \/>\n<meta property=\"og:image\" content=\"http:\/\/www.matesxtu.es\/es\/wp-content\/uploads\/sites\/2\/2014\/09\/diptic-cover-210x300.png\" \/>\n<meta name=\"twitter:card\" content=\"summary_large_image\" \/>\n<meta name=\"twitter:site\" content=\"@elenabarberomxt\" \/>\n<meta name=\"twitter:label1\" content=\"Tiempo de lectura\" \/>\n\t<meta name=\"twitter:data1\" content=\"1 minuto\" \/>\n<script type=\"application\/ld+json\" class=\"yoast-schema-graph\">{\"@context\":\"https:\/\/schema.org\",\"@graph\":[{\"@type\":\"WebPage\",\"@id\":\"https:\/\/www.matesxtu.es\/es\/escola\/\",\"url\":\"https:\/\/www.matesxtu.es\/es\/escola\/\",\"name\":\"MATESxTU EDUCACI\u00d3N - MATESxTU educaci\u00f3n\",\"isPartOf\":{\"@id\":\"https:\/\/www.matesxtu.es\/es\/#website\"},\"primaryImageOfPage\":{\"@id\":\"https:\/\/www.matesxtu.es\/es\/escola\/#primaryimage\"},\"image\":{\"@id\":\"https:\/\/www.matesxtu.es\/es\/escola\/#primaryimage\"},\"thumbnailUrl\":\"http:\/\/www.matesxtu.es\/es\/wp-content\/uploads\/sites\/2\/2014\/09\/diptic-cover-210x300.png\",\"datePublished\":\"2014-09-05T21:42:31+00:00\",\"dateModified\":\"2016-07-05T17:39:13+00:00\",\"breadcrumb\":{\"@id\":\"https:\/\/www.matesxtu.es\/es\/escola\/#breadcrumb\"},\"inLanguage\":\"es\",\"potentialAction\":[{\"@type\":\"ReadAction\",\"target\":[\"https:\/\/www.matesxtu.es\/es\/escola\/\"]}]},{\"@type\":\"ImageObject\",\"inLanguage\":\"es\",\"@id\":\"https:\/\/www.matesxtu.es\/es\/escola\/#primaryimage\",\"url\":\"https:\/\/www.matesxtu.es\/es\/wp-content\/uploads\/sites\/2\/2014\/09\/diptic-cover.png\",\"contentUrl\":\"https:\/\/www.matesxtu.es\/es\/wp-content\/uploads\/sites\/2\/2014\/09\/diptic-cover.png\",\"width\":640,\"height\":914},{\"@type\":\"BreadcrumbList\",\"@id\":\"https:\/\/www.matesxtu.es\/es\/escola\/#breadcrumb\",\"itemListElement\":[{\"@type\":\"ListItem\",\"position\":1,\"name\":\"Inici\",\"item\":\"https:\/\/www.matesxtu.es\/es\/\"},{\"@type\":\"ListItem\",\"position\":2,\"name\":\"MATESxTU EDUCACI\u00d3N\"}]},{\"@type\":\"WebSite\",\"@id\":\"https:\/\/www.matesxtu.es\/es\/#website\",\"url\":\"https:\/\/www.matesxtu.es\/es\/\",\"name\":\"MATESxTU educaci\u00f3n\",\"description\":\"MATESxTU  = + x TODOS\",\"publisher\":{\"@id\":\"https:\/\/www.matesxtu.es\/es\/#organization\"},\"potentialAction\":[{\"@type\":\"SearchAction\",\"target\":{\"@type\":\"EntryPoint\",\"urlTemplate\":\"https:\/\/www.matesxtu.es\/es\/?s={search_term_string}\"},\"query-input\":{\"@type\":\"PropertyValueSpecification\",\"valueRequired\":true,\"valueName\":\"search_term_string\"}}],\"inLanguage\":\"es\"},{\"@type\":\"Organization\",\"@id\":\"https:\/\/www.matesxtu.es\/es\/#organization\",\"name\":\"MATESxTU Academia de matematicas\",\"url\":\"https:\/\/www.matesxtu.es\/es\/\",\"logo\":{\"@type\":\"ImageObject\",\"inLanguage\":\"es\",\"@id\":\"https:\/\/www.matesxtu.es\/es\/#\/schema\/logo\/image\/\",\"url\":\"https:\/\/www.matesxtu.es\/es\/wp-content\/uploads\/sites\/2\/2021\/02\/logo_matesxtu_A4-2-e1612497302468.png\",\"contentUrl\":\"https:\/\/www.matesxtu.es\/es\/wp-content\/uploads\/sites\/2\/2021\/02\/logo_matesxtu_A4-2-e1612497302468.png\",\"width\":588,\"height\":499,\"caption\":\"MATESxTU Academia de matematicas\"},\"image\":{\"@id\":\"https:\/\/www.matesxtu.es\/es\/#\/schema\/logo\/image\/\"},\"sameAs\":[\"https:\/\/www.facebook.com\/Matesxtu-1465218103742467\/\",\"https:\/\/x.com\/elenabarberomxt\",\"https:\/\/www.instagram.com\/matesxtu\/\",\"https:\/\/www.linkedin.com\/in\/elena-barbero-revert\u00e9-aa8a4160\/\",\"https:\/\/www.youtube.com\/channel\/UCYS6kEJxsS2mT6VGEkNFOFQ\"]}]}<\/script>\n<!-- \/ Yoast SEO plugin. -->","yoast_head_json":{"title":"MATESxTU EDUCACI\u00d3N - MATESxTU educaci\u00f3n","robots":{"index":"index","follow":"follow","max-snippet":"max-snippet:-1","max-image-preview":"max-image-preview:large","max-video-preview":"max-video-preview:-1"},"canonical":"https:\/\/www.matesxtu.es\/es\/escola\/","og_locale":"es_ES","og_type":"article","og_title":"MATESxTU EDUCACI\u00d3N - MATESxTU educaci\u00f3n","og_description":"MATESxTU nace con el prop\u00f3sito de acercar las matem\u00e1ticas a los ni\u00f1os de preescolar y primaria (de 4 a 12 a\u00f1os) de una manera divertida y desafiante. Se trabaja con los contenidos y manipulabes de la colecci\u00f3n \u00abPensar sin l\u00edmites\u00bb. La filosof\u00eda de este m\u00e9todo se basa en la resoluci\u00f3n de problemas como veh\u00edculo de [&hellip;]","og_url":"https:\/\/www.matesxtu.es\/es\/escola\/","og_site_name":"MATESxTU educaci\u00f3n","article_publisher":"https:\/\/www.facebook.com\/Matesxtu-1465218103742467\/","article_modified_time":"2016-07-05T17:39:13+00:00","og_image":[{"url":"http:\/\/www.matesxtu.es\/es\/wp-content\/uploads\/sites\/2\/2014\/09\/diptic-cover-210x300.png","type":"","width":"","height":""}],"twitter_card":"summary_large_image","twitter_site":"@elenabarberomxt","twitter_misc":{"Tiempo de lectura":"1 minuto"},"schema":{"@context":"https:\/\/schema.org","@graph":[{"@type":"WebPage","@id":"https:\/\/www.matesxtu.es\/es\/escola\/","url":"https:\/\/www.matesxtu.es\/es\/escola\/","name":"MATESxTU EDUCACI\u00d3N - MATESxTU educaci\u00f3n","isPartOf":{"@id":"https:\/\/www.matesxtu.es\/es\/#website"},"primaryImageOfPage":{"@id":"https:\/\/www.matesxtu.es\/es\/escola\/#primaryimage"},"image":{"@id":"https:\/\/www.matesxtu.es\/es\/escola\/#primaryimage"},"thumbnailUrl":"http:\/\/www.matesxtu.es\/es\/wp-content\/uploads\/sites\/2\/2014\/09\/diptic-cover-210x300.png","datePublished":"2014-09-05T21:42:31+00:00","dateModified":"2016-07-05T17:39:13+00:00","breadcrumb":{"@id":"https:\/\/www.matesxtu.es\/es\/escola\/#breadcrumb"},"inLanguage":"es","potentialAction":[{"@type":"ReadAction","target":["https:\/\/www.matesxtu.es\/es\/escola\/"]}]},{"@type":"ImageObject","inLanguage":"es","@id":"https:\/\/www.matesxtu.es\/es\/escola\/#primaryimage","url":"https:\/\/www.matesxtu.es\/es\/wp-content\/uploads\/sites\/2\/2014\/09\/diptic-cover.png","contentUrl":"https:\/\/www.matesxtu.es\/es\/wp-content\/uploads\/sites\/2\/2014\/09\/diptic-cover.png","width":640,"height":914},{"@type":"BreadcrumbList","@id":"https:\/\/www.matesxtu.es\/es\/escola\/#breadcrumb","itemListElement":[{"@type":"ListItem","position":1,"name":"Inici","item":"https:\/\/www.matesxtu.es\/es\/"},{"@type":"ListItem","position":2,"name":"MATESxTU EDUCACI\u00d3N"}]},{"@type":"WebSite","@id":"https:\/\/www.matesxtu.es\/es\/#website","url":"https:\/\/www.matesxtu.es\/es\/","name":"MATESxTU educaci\u00f3n","description":"MATESxTU  = + x TODOS","publisher":{"@id":"https:\/\/www.matesxtu.es\/es\/#organization"},"potentialAction":[{"@type":"SearchAction","target":{"@type":"EntryPoint","urlTemplate":"https:\/\/www.matesxtu.es\/es\/?s={search_term_string}"},"query-input":{"@type":"PropertyValueSpecification","valueRequired":true,"valueName":"search_term_string"}}],"inLanguage":"es"},{"@type":"Organization","@id":"https:\/\/www.matesxtu.es\/es\/#organization","name":"MATESxTU Academia de matematicas","url":"https:\/\/www.matesxtu.es\/es\/","logo":{"@type":"ImageObject","inLanguage":"es","@id":"https:\/\/www.matesxtu.es\/es\/#\/schema\/logo\/image\/","url":"https:\/\/www.matesxtu.es\/es\/wp-content\/uploads\/sites\/2\/2021\/02\/logo_matesxtu_A4-2-e1612497302468.png","contentUrl":"https:\/\/www.matesxtu.es\/es\/wp-content\/uploads\/sites\/2\/2021\/02\/logo_matesxtu_A4-2-e1612497302468.png","width":588,"height":499,"caption":"MATESxTU Academia de matematicas"},"image":{"@id":"https:\/\/www.matesxtu.es\/es\/#\/schema\/logo\/image\/"},"sameAs":["https:\/\/www.facebook.com\/Matesxtu-1465218103742467\/","https:\/\/x.com\/elenabarberomxt","https:\/\/www.instagram.com\/matesxtu\/","https:\/\/www.linkedin.com\/in\/elena-barbero-revert\u00e9-aa8a4160\/","https:\/\/www.youtube.com\/channel\/UCYS6kEJxsS2mT6VGEkNFOFQ"]}]}},"jetpack_sharing_enabled":true,"_links":{"self":[{"href":"https:\/\/www.matesxtu.es\/es\/wp-json\/wp\/v2\/pages\/24","targetHints":{"allow":["GET"]}}],"collection":[{"href":"https:\/\/www.matesxtu.es\/es\/wp-json\/wp\/v2\/pages"}],"about":[{"href":"https:\/\/www.matesxtu.es\/es\/wp-json\/wp\/v2\/types\/page"}],"author":[{"embeddable":true,"href":"https:\/\/www.matesxtu.es\/es\/wp-json\/wp\/v2\/users\/1"}],"replies":[{"embeddable":true,"href":"https:\/\/www.matesxtu.es\/es\/wp-json\/wp\/v2\/comments?post=24"}],"version-history":[{"count":23,"href":"https:\/\/www.matesxtu.es\/es\/wp-json\/wp\/v2\/pages\/24\/revisions"}],"predecessor-version":[{"id":651,"href":"https:\/\/www.matesxtu.es\/es\/wp-json\/wp\/v2\/pages\/24\/revisions\/651"}],"wp:attachment":[{"href":"https:\/\/www.matesxtu.es\/es\/wp-json\/wp\/v2\/media?parent=24"}],"curies":[{"name":"wp","href":"https:\/\/api.w.org\/{rel}","templated":true}]}}