{"id":17,"date":"2014-09-05T21:21:26","date_gmt":"2014-09-05T21:21:26","guid":{"rendered":"http:\/\/www.matesxtu.es\/es\/?page_id=17"},"modified":"2016-07-05T18:07:37","modified_gmt":"2016-07-05T17:07:37","slug":"singapur-maths","status":"publish","type":"page","link":"https:\/\/www.matesxtu.es\/es\/singapur-maths\/","title":{"rendered":"METODOLOG\u00cdA"},"content":{"rendered":"<p style=\"text-align: justify;\">Hay diferentes propuestas en el mercado para ense\u00f1ar las matem\u00e1ticas a los m\u00e1s peque\u00f1os. En MATESxTU hemos optado por un sistema proactivo en el que los ni\u00f1os descubren los nuevos conceptos por s\u00ed solos. El secreto est\u00e1 en conocer cu\u00e1l es el punto de partida de cada uno de ellos e ir proponiendo retos a su medida. Para ello trabajamos con la colecci\u00f3n \u00abPensar sin l\u00edmites\u00bb editada en Chile por su eficacia demostrada, su amplitud de contenidos y lo ameno que resulta para todos los alumnos.<\/p>\n<p style=\"text-align: center;\"><a title=\"\u00bf QU\u00c9 ES ?\" href=\"https:\/\/www.matesxtu.es\/es\/?page_id=46\">\u00bf QU\u00c9 ES ?<\/a><\/p>\n<p style=\"text-align: center;\"><a title=\"\u00bf C\u00d3MO FUNCIONA ?\" href=\"https:\/\/www.matesxtu.es\/es\/?page_id=51\">\u00bf C\u00d3MO FUNCIONA ?<\/a><\/p>\n<p style=\"text-align: center;\"><a title=\"CPS : CONCRETO, PICT\u00d3RICO, SIMB\u00d3LICO\" href=\"https:\/\/www.matesxtu.es\/es\/?page_id=53\">CPS : CONCRETO, PICT\u00d3RICO, SIMB\u00d3LICO<\/a><\/p>\n<p style=\"text-align: center;\"><a title=\"MATERIALES MANIPULABLES\" href=\"https:\/\/www.matesxtu.es\/es\/materiales-manipulables\/\">MATERIALES MANIPULABLES<\/a><\/p>\n<p style=\"text-align: center;\"><a title=\"RESULTADOS PISA\" href=\"https:\/\/www.matesxtu.es\/es\/?page_id=48\">RESULTADOS PISA<\/a><\/p>\n<p style=\"text-align: center;\"><a title=\"INTELIGENCIA MATEM\u00c1TICA\" href=\"https:\/\/www.matesxtu.es\/es\/?page_id=55\">INTELIGENCIA MATEM\u00c1TICA<\/a><\/p>\n","protected":false},"excerpt":{"rendered":"<p>Hay diferentes propuestas en el mercado para ense\u00f1ar las matem\u00e1ticas a los m\u00e1s peque\u00f1os. En MATESxTU hemos optado por un sistema proactivo en el que los ni\u00f1os descubren los nuevos conceptos por s\u00ed solos. El secreto est\u00e1 en conocer cu\u00e1l es el punto de partida de cada uno de ellos e ir proponiendo retos a [&hellip;]<\/p>\n","protected":false},"author":1,"featured_media":0,"parent":0,"menu_order":0,"comment_status":"closed","ping_status":"open","template":"page-templates\/full-width.php","meta":{"jetpack_post_was_ever_published":false,"footnotes":""},"class_list":["post-17","page","type-page","status-publish","hentry"],"yoast_head":"<!-- This site is optimized with the Yoast SEO plugin v25.8 - https:\/\/yoast.com\/wordpress\/plugins\/seo\/ -->\n<title>METODOLOG\u00cdA - MATESxTU educaci\u00f3n<\/title>\n<meta name=\"robots\" content=\"index, follow, max-snippet:-1, max-image-preview:large, max-video-preview:-1\" \/>\n<link rel=\"canonical\" href=\"https:\/\/www.matesxtu.es\/es\/singapur-maths\/\" \/>\n<meta property=\"og:locale\" content=\"es_ES\" \/>\n<meta property=\"og:type\" content=\"article\" \/>\n<meta property=\"og:title\" content=\"METODOLOG\u00cdA - MATESxTU educaci\u00f3n\" \/>\n<meta property=\"og:description\" content=\"Hay diferentes propuestas en el mercado para ense\u00f1ar las matem\u00e1ticas a los m\u00e1s peque\u00f1os. En MATESxTU hemos optado por un sistema proactivo en el que los ni\u00f1os descubren los nuevos conceptos por s\u00ed solos. El secreto est\u00e1 en conocer cu\u00e1l es el punto de partida de cada uno de ellos e ir proponiendo retos a [&hellip;]\" \/>\n<meta property=\"og:url\" content=\"https:\/\/www.matesxtu.es\/es\/singapur-maths\/\" \/>\n<meta property=\"og:site_name\" content=\"MATESxTU educaci\u00f3n\" \/>\n<meta property=\"article:publisher\" content=\"https:\/\/www.facebook.com\/Matesxtu-1465218103742467\/\" \/>\n<meta property=\"article:modified_time\" content=\"2016-07-05T17:07:37+00:00\" \/>\n<meta name=\"twitter:card\" content=\"summary_large_image\" \/>\n<meta name=\"twitter:site\" content=\"@elenabarberomxt\" \/>\n<meta name=\"twitter:label1\" content=\"Tiempo de lectura\" \/>\n\t<meta name=\"twitter:data1\" content=\"1 minuto\" \/>\n<script type=\"application\/ld+json\" class=\"yoast-schema-graph\">{\"@context\":\"https:\/\/schema.org\",\"@graph\":[{\"@type\":\"WebPage\",\"@id\":\"https:\/\/www.matesxtu.es\/es\/singapur-maths\/\",\"url\":\"https:\/\/www.matesxtu.es\/es\/singapur-maths\/\",\"name\":\"METODOLOG\u00cdA - MATESxTU educaci\u00f3n\",\"isPartOf\":{\"@id\":\"https:\/\/www.matesxtu.es\/es\/#website\"},\"datePublished\":\"2014-09-05T21:21:26+00:00\",\"dateModified\":\"2016-07-05T17:07:37+00:00\",\"breadcrumb\":{\"@id\":\"https:\/\/www.matesxtu.es\/es\/singapur-maths\/#breadcrumb\"},\"inLanguage\":\"es\",\"potentialAction\":[{\"@type\":\"ReadAction\",\"target\":[\"https:\/\/www.matesxtu.es\/es\/singapur-maths\/\"]}]},{\"@type\":\"BreadcrumbList\",\"@id\":\"https:\/\/www.matesxtu.es\/es\/singapur-maths\/#breadcrumb\",\"itemListElement\":[{\"@type\":\"ListItem\",\"position\":1,\"name\":\"Inici\",\"item\":\"https:\/\/www.matesxtu.es\/es\/\"},{\"@type\":\"ListItem\",\"position\":2,\"name\":\"METODOLOG\u00cdA\"}]},{\"@type\":\"WebSite\",\"@id\":\"https:\/\/www.matesxtu.es\/es\/#website\",\"url\":\"https:\/\/www.matesxtu.es\/es\/\",\"name\":\"MATESxTU educaci\u00f3n\",\"description\":\"MATESxTU  = + x TODOS\",\"publisher\":{\"@id\":\"https:\/\/www.matesxtu.es\/es\/#organization\"},\"potentialAction\":[{\"@type\":\"SearchAction\",\"target\":{\"@type\":\"EntryPoint\",\"urlTemplate\":\"https:\/\/www.matesxtu.es\/es\/?s={search_term_string}\"},\"query-input\":{\"@type\":\"PropertyValueSpecification\",\"valueRequired\":true,\"valueName\":\"search_term_string\"}}],\"inLanguage\":\"es\"},{\"@type\":\"Organization\",\"@id\":\"https:\/\/www.matesxtu.es\/es\/#organization\",\"name\":\"MATESxTU Academia de matematicas\",\"url\":\"https:\/\/www.matesxtu.es\/es\/\",\"logo\":{\"@type\":\"ImageObject\",\"inLanguage\":\"es\",\"@id\":\"https:\/\/www.matesxtu.es\/es\/#\/schema\/logo\/image\/\",\"url\":\"https:\/\/www.matesxtu.es\/es\/wp-content\/uploads\/sites\/2\/2021\/02\/logo_matesxtu_A4-2-e1612497302468.png\",\"contentUrl\":\"https:\/\/www.matesxtu.es\/es\/wp-content\/uploads\/sites\/2\/2021\/02\/logo_matesxtu_A4-2-e1612497302468.png\",\"width\":588,\"height\":499,\"caption\":\"MATESxTU Academia de matematicas\"},\"image\":{\"@id\":\"https:\/\/www.matesxtu.es\/es\/#\/schema\/logo\/image\/\"},\"sameAs\":[\"https:\/\/www.facebook.com\/Matesxtu-1465218103742467\/\",\"https:\/\/x.com\/elenabarberomxt\",\"https:\/\/www.instagram.com\/matesxtu\/\",\"https:\/\/www.linkedin.com\/in\/elena-barbero-revert\u00e9-aa8a4160\/\",\"https:\/\/www.youtube.com\/channel\/UCYS6kEJxsS2mT6VGEkNFOFQ\"]}]}<\/script>\n<!-- \/ Yoast SEO plugin. -->","yoast_head_json":{"title":"METODOLOG\u00cdA - MATESxTU educaci\u00f3n","robots":{"index":"index","follow":"follow","max-snippet":"max-snippet:-1","max-image-preview":"max-image-preview:large","max-video-preview":"max-video-preview:-1"},"canonical":"https:\/\/www.matesxtu.es\/es\/singapur-maths\/","og_locale":"es_ES","og_type":"article","og_title":"METODOLOG\u00cdA - MATESxTU educaci\u00f3n","og_description":"Hay diferentes propuestas en el mercado para ense\u00f1ar las matem\u00e1ticas a los m\u00e1s peque\u00f1os. En MATESxTU hemos optado por un sistema proactivo en el que los ni\u00f1os descubren los nuevos conceptos por s\u00ed solos. El secreto est\u00e1 en conocer cu\u00e1l es el punto de partida de cada uno de ellos e ir proponiendo retos a [&hellip;]","og_url":"https:\/\/www.matesxtu.es\/es\/singapur-maths\/","og_site_name":"MATESxTU educaci\u00f3n","article_publisher":"https:\/\/www.facebook.com\/Matesxtu-1465218103742467\/","article_modified_time":"2016-07-05T17:07:37+00:00","twitter_card":"summary_large_image","twitter_site":"@elenabarberomxt","twitter_misc":{"Tiempo de lectura":"1 minuto"},"schema":{"@context":"https:\/\/schema.org","@graph":[{"@type":"WebPage","@id":"https:\/\/www.matesxtu.es\/es\/singapur-maths\/","url":"https:\/\/www.matesxtu.es\/es\/singapur-maths\/","name":"METODOLOG\u00cdA - MATESxTU educaci\u00f3n","isPartOf":{"@id":"https:\/\/www.matesxtu.es\/es\/#website"},"datePublished":"2014-09-05T21:21:26+00:00","dateModified":"2016-07-05T17:07:37+00:00","breadcrumb":{"@id":"https:\/\/www.matesxtu.es\/es\/singapur-maths\/#breadcrumb"},"inLanguage":"es","potentialAction":[{"@type":"ReadAction","target":["https:\/\/www.matesxtu.es\/es\/singapur-maths\/"]}]},{"@type":"BreadcrumbList","@id":"https:\/\/www.matesxtu.es\/es\/singapur-maths\/#breadcrumb","itemListElement":[{"@type":"ListItem","position":1,"name":"Inici","item":"https:\/\/www.matesxtu.es\/es\/"},{"@type":"ListItem","position":2,"name":"METODOLOG\u00cdA"}]},{"@type":"WebSite","@id":"https:\/\/www.matesxtu.es\/es\/#website","url":"https:\/\/www.matesxtu.es\/es\/","name":"MATESxTU educaci\u00f3n","description":"MATESxTU  = + x TODOS","publisher":{"@id":"https:\/\/www.matesxtu.es\/es\/#organization"},"potentialAction":[{"@type":"SearchAction","target":{"@type":"EntryPoint","urlTemplate":"https:\/\/www.matesxtu.es\/es\/?s={search_term_string}"},"query-input":{"@type":"PropertyValueSpecification","valueRequired":true,"valueName":"search_term_string"}}],"inLanguage":"es"},{"@type":"Organization","@id":"https:\/\/www.matesxtu.es\/es\/#organization","name":"MATESxTU Academia de matematicas","url":"https:\/\/www.matesxtu.es\/es\/","logo":{"@type":"ImageObject","inLanguage":"es","@id":"https:\/\/www.matesxtu.es\/es\/#\/schema\/logo\/image\/","url":"https:\/\/www.matesxtu.es\/es\/wp-content\/uploads\/sites\/2\/2021\/02\/logo_matesxtu_A4-2-e1612497302468.png","contentUrl":"https:\/\/www.matesxtu.es\/es\/wp-content\/uploads\/sites\/2\/2021\/02\/logo_matesxtu_A4-2-e1612497302468.png","width":588,"height":499,"caption":"MATESxTU Academia de matematicas"},"image":{"@id":"https:\/\/www.matesxtu.es\/es\/#\/schema\/logo\/image\/"},"sameAs":["https:\/\/www.facebook.com\/Matesxtu-1465218103742467\/","https:\/\/x.com\/elenabarberomxt","https:\/\/www.instagram.com\/matesxtu\/","https:\/\/www.linkedin.com\/in\/elena-barbero-revert\u00e9-aa8a4160\/","https:\/\/www.youtube.com\/channel\/UCYS6kEJxsS2mT6VGEkNFOFQ"]}]}},"jetpack_sharing_enabled":true,"_links":{"self":[{"href":"https:\/\/www.matesxtu.es\/es\/wp-json\/wp\/v2\/pages\/17","targetHints":{"allow":["GET"]}}],"collection":[{"href":"https:\/\/www.matesxtu.es\/es\/wp-json\/wp\/v2\/pages"}],"about":[{"href":"https:\/\/www.matesxtu.es\/es\/wp-json\/wp\/v2\/types\/page"}],"author":[{"embeddable":true,"href":"https:\/\/www.matesxtu.es\/es\/wp-json\/wp\/v2\/users\/1"}],"replies":[{"embeddable":true,"href":"https:\/\/www.matesxtu.es\/es\/wp-json\/wp\/v2\/comments?post=17"}],"version-history":[{"count":21,"href":"https:\/\/www.matesxtu.es\/es\/wp-json\/wp\/v2\/pages\/17\/revisions"}],"predecessor-version":[{"id":649,"href":"https:\/\/www.matesxtu.es\/es\/wp-json\/wp\/v2\/pages\/17\/revisions\/649"}],"wp:attachment":[{"href":"https:\/\/www.matesxtu.es\/es\/wp-json\/wp\/v2\/media?parent=17"}],"curies":[{"name":"wp","href":"https:\/\/api.w.org\/{rel}","templated":true}]}}